{"id":56290,"date":"2021-07-07T20:31:55","date_gmt":"2021-07-07T18:31:55","guid":{"rendered":"https:\/\/laponia.nu\/?page_id=56290"},"modified":"2023-05-02T11:32:29","modified_gmt":"2023-05-02T09:32:29","slug":"stora-sjofallet-stuor-muorkke-national-park","status":"publish","type":"page","link":"https:\/\/laponia.nu\/en\/nationalparks-and-nature-reserves\/stora-sjofallet-stuor-muorkke-national-park\/","title":{"rendered":"Stuor Muorkke \/ Stora Sj\u00f6fallet"},"content":{"rendered":"\n<div class=\"wp-block-columns is-layout-flex wp-container-core-columns-is-layout-9d6595d7 wp-block-columns-is-layout-flex\">\n<div class=\"wp-block-column is-layout-flow wp-block-column-is-layout-flow\" style=\"flex-basis:66.66%\">\n<p id=\"tw-target-text\"><strong>Where the old forests and the high mountains meet<\/strong>.<\/p>\n\n\n\n<p id=\"tw-target-text\">Stuor Muorkke\/Stora Sj\u00f6fallet National Park is a varied mountain landscape with everything from old-growth forests, mountain birch forests and vast mountain moors to rugged peaks with snow fields and glaciers. The mighty Stuor Muorkkeg\u00e5rttje waterfall was the national park&#8217;s main attraction when it was founded in 1909. Now it is almost dry to provide electricity.<\/p>\n\n\n\n<p id=\"tw-target-text\">The highest point of the national park, 2,015 meters above sea level, is the mighty mountain \u00c1hkk\u00e1 with its 13 peaks and 10 glaciers. On the slopes you can see shapes created by ice sheets and glaciers.<\/p>\n\n\n\n<p id=\"tw-target-text\">The \u00c1hkk\u00e1 terraces are well-known examples of the ice age delta that formed in ice lakes at the edge of the ice sheet, but which then ended up on dry land when ice and water disappeared. Frozen icebergs, which later melted, have created deep ice pits in the terraces.<\/p>\n\n\n<section class=\"faq faq\" id=\"faq-block_b6874aecccdbbfbcc94dba8c72ea742a\">\n        <div class=\"accordions\">\n            <div class=\"accordion\">\n            <button class=\"accordion__object\">Am i allowed to bring the dog to Stuor Muorkke\/Stora Sj\u00f6fallet National Park?<\/button>\n            <div class=\"panel\">\n                <p id=\"tw-target-text\" class=\"tw-data-text tw-text-large XcVN5d tw-ta\" dir=\"ltr\" data-placeholder=\"\u00d6vers\u00e4ttning\"><span class=\"Y2IQFc\" lang=\"en\">In the national parks within Laponia, it is forbidden to bring a dog, with the exception of Kungsleden, Rallarstigen in Muttos\/Muddus, and the area between the power line and Stuor Julevu\/<\/span><span class=\"Y2IQFc\" lang=\"en\">Stora Lulevatten&#8217;s lake system in Stuor Muorkke\/Stora Sj\u00f6fallet National Park.<\/span><\/p>\n<div id=\"tw-container\" class=\"YQaNob\" data-cp=\"1\" data-is-ver=\"false\" data-nnttsvi=\"1\" data-sm=\"1\" data-sugg-time=\"500\" data-sugg-url=\"https:\/\/clients1.google.com\/complete\/search\" data-uilc=\"sv\">\n<div id=\"tw-ob\" class=\"tw-src-ltr\">\n<div class=\"oSioSc\">\n<div id=\"tw-target\">\n<div id=\"kAz1tf\" class=\"g9WsWb\">\n<div id=\"tw-target-text-container\" class=\"tw-ta-container F0azHf tw-nfl\" tabindex=\"0\">\n<p id=\"tw-target-text\" class=\"tw-data-text tw-text-large XcVN5d tw-ta\" dir=\"ltr\" data-placeholder=\"\u00d6vers\u00e4ttning\"><span class=\"Y2IQFc\" lang=\"en\">January 1 \u2013 April 30, its allowed to bring a dog on a leash.<br \/>\nThis does NOT apply to dog sleds. You need to apply for permission to bring sled dogs at L\u00e4nsstyrelsen <i>(<\/i><i><a href=\"https:\/\/www.lansstyrelsen.se\/norrbotten\/natur-och-landsbygd\/aktiviteter-och-ingrepp-i-naturen\/dispenser-och-tillstand-for-skyddad-natur\/dispens-eller-tillstand-i-naturskyddade-omraden.html\" target=\"_blank\" rel=\"noopener\">link here<\/a>)<\/i>.\u00a0<\/span><\/p>\n<\/div>\n<div class=\"iYB33c\">\n<div id=\"tw-tmenu\" class=\"tw-menu\"><\/div>\n<\/div>\n<\/div>\n<\/div>\n<\/div>\n<\/div>\n<div id=\"tw-images\"><\/div>\n<div class=\"dURPtb\"><\/div>\n<div>\n<div><\/div>\n<\/div>\n<\/div>\n<div class=\"KFFQ0c xKf9F\"><\/div>\n            <\/div>\n        <\/div> \n            <div class=\"accordion\">\n            <button class=\"accordion__object\">Am I allowed to fly drones in Stuor Muorkke\/Stora Sj\u00f6fallet National Park?<\/button>\n            <div class=\"panel\">\n                <div id=\"tw-container\" class=\"YQaNob\" data-cp=\"1\" data-is-ver=\"false\" data-nnttsvi=\"1\" data-sm=\"1\" data-sugg-time=\"500\" data-sugg-url=\"https:\/\/clients1.google.com\/complete\/search\" data-uilc=\"sv\">\n<div id=\"tw-ob\" class=\"tw-src-ltr\">\n<div class=\"oSioSc\">\n<div id=\"tw-target\">\n<div id=\"kAz1tf\" class=\"g9WsWb\">\n<div id=\"tw-target-text-container\" class=\"tw-ta-container F0azHf tw-nfl\" tabindex=\"0\">\n<p id=\"tw-target-text\" class=\"tw-data-text tw-text-large XcVN5d tw-ta\" dir=\"ltr\" data-placeholder=\"\u00d6vers\u00e4ttning\"><span class=\"Y2IQFc\" lang=\"en\">Without permission from the County Administrative Board, it is absolutely forbidden to fly drones within the entire Laponia World Heritage Site.<\/span><\/p>\n<\/div>\n<div class=\"iYB33c\">\n<div id=\"tw-tmenu\" class=\"tw-menu\"><\/div>\n<\/div>\n<\/div>\n<\/div>\n<\/div>\n<\/div>\n<div id=\"tw-images\"><\/div>\n<div class=\"dURPtb\"><\/div>\n<div>\n<div><\/div>\n<\/div>\n<\/div>\n<div class=\"KFFQ0c xKf9F\"><\/div>\n            <\/div>\n        <\/div> \n            <div class=\"accordion\">\n            <button class=\"accordion__object\">Am I allowed to light a campfire in Stuor Muorkke\/Stora Sj\u00f6fallet National Park?<\/button>\n            <div class=\"panel\">\n                <div id=\"tw-container\" class=\"YQaNob\" data-cp=\"1\" data-is-ver=\"false\" data-nnttsvi=\"1\" data-sm=\"1\" data-sugg-time=\"500\" data-sugg-url=\"https:\/\/clients1.google.com\/complete\/search\" data-uilc=\"sv\">\n<div id=\"tw-ob\" class=\"tw-src-ltr\">\n<div class=\"oSioSc\">\n<div id=\"tw-target\">\n<div id=\"kAz1tf\" class=\"g9WsWb\">\n<div id=\"tw-target-text-container\" class=\"tw-ta-container F0azHf tw-nfl\" tabindex=\"0\">\n<p id=\"tw-target-text\" class=\"tw-data-text tw-text-large XcVN5d tw-ta\" dir=\"ltr\" data-placeholder=\"\u00d6vers\u00e4ttning\"><span class=\"Y2IQFc\" lang=\"en\">It is only allowed to light campfires in exhibited fireplaces within the Laponia world heritage.<\/span><\/p>\n<\/div>\n<div class=\"iYB33c\">\n<div id=\"tw-tmenu\" class=\"tw-menu\"><\/div>\n<\/div>\n<\/div>\n<\/div>\n<\/div>\n<\/div>\n<div id=\"tw-images\"><\/div>\n<div class=\"dURPtb\"><\/div>\n<div>\n<div><\/div>\n<\/div>\n<\/div>\n<div class=\"KFFQ0c xKf9F\"><\/div>\n            <\/div>\n        <\/div> \n            <div class=\"accordion\">\n            <button class=\"accordion__object\">Where can I find all the rules and regulations for the Laponia World Heritage Site?<\/button>\n            <div class=\"panel\">\n                <div id=\"tw-container\" class=\"YQaNob\" data-cp=\"1\" data-is-ver=\"false\" data-nnttsvi=\"1\" data-sm=\"1\" data-sugg-time=\"500\" data-sugg-url=\"https:\/\/clients1.google.com\/complete\/search\" data-uilc=\"sv\">\n<div id=\"tw-ob\" class=\"tw-src-ltr\">\n<div class=\"oSioSc\">\n<div id=\"tw-target\">\n<div id=\"kAz1tf\" class=\"g9WsWb\">\n<div id=\"tw-target-text-container\" class=\"tw-ta-container F0azHf tw-nfl\" tabindex=\"0\">\n<p id=\"tw-target-text\" class=\"tw-data-text tw-text-large XcVN5d tw-ta\" dir=\"ltr\" data-placeholder=\"\u00d6vers\u00e4ttning\"><span class=\"Y2IQFc\" lang=\"en\">All rules and regulations can be found <a href=\"https:\/\/laponia.nu\/wp-content\/uploads\/2021\/07\/Laponia_regulations_NationalParks_eng_.pdf\">here.<\/a><\/span><\/p>\n<\/div>\n<div class=\"iYB33c\">\n<div id=\"tw-tmenu\" class=\"tw-menu\"><\/div>\n<\/div>\n<\/div>\n<\/div>\n<\/div>\n<\/div>\n<div id=\"tw-images\"><\/div>\n<div class=\"dURPtb\"><\/div>\n<div>\n<div><\/div>\n<\/div>\n<\/div>\n<div class=\"KFFQ0c xKf9F\"><\/div>\n            <\/div>\n        <\/div> \n        <\/div>\n    <\/section><\/div>\n\n\n\n<div class=\"wp-block-column is-layout-flow wp-block-column-is-layout-flow\" style=\"flex-basis:33.33%\"><section id=\"hitta-snabbt-section\">\n    <a id=\"informationspuff-block_d91f7030609a44fc60c9f251086274a6\" href=\"https:\/\/laponia.nu\/wp-content\/uploads\/2023\/03\/Tidtabell-MS-Storlule-2023.pdf\" class=\"hitta-snabbt-puffar is-link1-puff informationspuff\">\n                <div class=\"no-link hitta-snabbt-puffar__puff informationspuff\" style=\"box-shadow: 0px -10px 0px black; background-color: #f4f4f4\">\n                        <div class='informationspuff__content'>\n                                    <div class=\"content-full\">\n                        <h4>Time table for M\/S Storlule, the boat between Rijtjem\/Ritsem, \u00c4nonj\u00e1lmme\/\u00c1hkk\u00e1 and V\u00e1js\u00e1luokta.<\/h4>\n                    <\/div>\n                \n                                    <p class=\"hitta-snabbt-puffar__puff__pil\"><i class=\"far fa-arrow-right\"><\/i><\/p>\n                                            <\/div>\n        <\/div>\n    <\/a>\n<\/section>\n\n<style>\n    \/* G\u00f6r s\u00e5 att b\u00e5de <a> taggen, samt den puff som \u00e4r en <div> har korrekt f\u00e4rg f\u00f6r l\u00e4nktext *\/\n    #informationspuff-block_d91f7030609a44fc60c9f251086274a6.is-link-puff {\n        color: black;\n    }\n\n    #informationspuff-block_d91f7030609a44fc60c9f251086274a6.is-link-puff p {\n        color: black;\n    }\n<\/style>\n\n<section id=\"hitta-snabbt-section\">\n    <div id=\"informationspuff-block_36c3fdf86c59dea069cd623e65249ae3\" class=\"hitta-snabbt-puffar is-link1-puff informationspuff\">\n                <div class=\"no-link hitta-snabbt-puffar__puff informationspuff\" style=\"box-shadow: 0px -10px 0px black; background-color: #f4f4f4\">\n                        <div class='informationspuff__content'>\n                                    <div class=\"content-full\">\n                        <p><strong>Area<\/strong>: \u00a01 280 km\u00b2<br \/>\n<strong>Founded in<\/strong>: 1909<br \/>\n<strong>Nearest towns:<\/strong>\u00a0J\u00e5hk\u00e5m\u00e5hkke\/Jokkmokk, B\u00e5rj\u00e5s\/Porjus och Jiellev\u00e1rre\/G\u00e4llivare<br \/>\n<strong>Sami villages:<\/strong>\u00a0Sirges och Unna tjerusj<br \/>\n<strong>County:<\/strong>\u00a0Norrbotten<\/p>\n                    <\/div>\n                \n                                            <\/div>\n        <\/div>\n    <\/div>\n<\/section>\n\n<style>\n    \/* G\u00f6r s\u00e5 att b\u00e5de <a> taggen, samt den puff som \u00e4r en <div> har korrekt f\u00e4rg f\u00f6r l\u00e4nktext *\/\n    #informationspuff-block_36c3fdf86c59dea069cd623e65249ae3.is-link-puff {\n        color: black;\n    }\n\n    #informationspuff-block_36c3fdf86c59dea069cd623e65249ae3.is-link-puff p {\n        color: black;\n    }\n<\/style>\n\n    <section id=\"kollage-section \">\n    <p class=\"small-heading\"><\/p>\n            <div id=\"kollage-block_da86dc07020dad978632b90a31bfe09c\" class=\"kollage-puffar kollage-puff-is-full-width kollage\">\n                        <a class=\"no-link kollage-puffar__puff normal\" href=\"https:\/\/laponia.noboxdesign.se\/naturum-2\/\" target=\"_blank\" rel=\"noopener\">\n                <div class=\"kollage-puffar__puff__content\" style=\"background-image: url('https:\/\/laponia.nu\/wp-content\/uploads\/2021\/06\/Sarek-20-kopia-scaled.jpg');\">\n                    <p class=\"kollage-puffar__puff__content__ikon\"><\/p>\n                    <div class=\"display-flex\">\n                        <p class=\"kollage-puffar__puff__content__rubrik color-white\">\n                            naturum Laponia                        <\/p>\n                        <p class=\"kollage-puffar__puff__content__pil ml-auto\"><i class=\"far fa-arrow-right\"><\/i><\/p>\n                    <\/div>\n                <\/div>\n                            <\/a>\n                    <\/div>\n    <\/section><\/div>\n<\/div>\n\n\n\n<div class=\"wp-block-columns is-layout-flex wp-container-core-columns-is-layout-9d6595d7 wp-block-columns-is-layout-flex\">\n<div class=\"wp-block-column is-layout-flow wp-block-column-is-layout-flow\" style=\"flex-basis:66.66%\"><\/div>\n\n\n\n<div class=\"wp-block-column is-layout-flow wp-block-column-is-layout-flow\" style=\"flex-basis:33.33%\"><\/div>\n<\/div>\n\n\n\n<p><\/p>\n","protected":false},"excerpt":{"rendered":"<p>Where the old forests and the high mountains meet. Stuor Muorkke\/Stora Sj\u00f6fallet National Park is a varied mountain landscape with everything from old-growth forests, mountain&#8230;<\/p>\n","protected":false},"author":12,"featured_media":0,"parent":56231,"menu_order":0,"comment_status":"closed","ping_status":"closed","template":"undersida-sidebar.php","meta":{"_acf_changed":false,"om_disable_all_campaigns":false,"_monsterinsights_skip_tracking":false,"_monsterinsights_sitenote_active":false,"_monsterinsights_sitenote_note":"","_monsterinsights_sitenote_category":0,"footnotes":""},"class_list":["post-56290","page","type-page","status-publish","hentry"],"acf":[],"_links":{"self":[{"href":"https:\/\/laponia.nu\/en\/wp-json\/wp\/v2\/pages\/56290","targetHints":{"allow":["GET"]}}],"collection":[{"href":"https:\/\/laponia.nu\/en\/wp-json\/wp\/v2\/pages"}],"about":[{"href":"https:\/\/laponia.nu\/en\/wp-json\/wp\/v2\/types\/page"}],"author":[{"embeddable":true,"href":"https:\/\/laponia.nu\/en\/wp-json\/wp\/v2\/users\/12"}],"replies":[{"embeddable":true,"href":"https:\/\/laponia.nu\/en\/wp-json\/wp\/v2\/comments?post=56290"}],"version-history":[{"count":15,"href":"https:\/\/laponia.nu\/en\/wp-json\/wp\/v2\/pages\/56290\/revisions"}],"predecessor-version":[{"id":59003,"href":"https:\/\/laponia.nu\/en\/wp-json\/wp\/v2\/pages\/56290\/revisions\/59003"}],"up":[{"embeddable":true,"href":"https:\/\/laponia.nu\/en\/wp-json\/wp\/v2\/pages\/56231"}],"wp:attachment":[{"href":"https:\/\/laponia.nu\/en\/wp-json\/wp\/v2\/media?parent=56290"}],"curies":[{"name":"wp","href":"https:\/\/api.w.org\/{rel}","templated":true}]}}