{"id":57086,"date":"2022-07-04T14:36:09","date_gmt":"2022-07-04T12:36:09","guid":{"rendered":"https:\/\/laponia.nu\/contact\/"},"modified":"2025-09-16T10:54:10","modified_gmt":"2025-09-16T08:54:10","slug":"contact","status":"publish","type":"page","link":"https:\/\/laponia.nu\/en\/contact\/","title":{"rendered":"Contact"},"content":{"rendered":"\n<div class=\"wp-block-columns is-layout-flex wp-container-core-columns-is-layout-9d6595d7 wp-block-columns-is-layout-flex\">\n<div class=\"wp-block-column is-layout-flow wp-block-column-is-layout-flow\" style=\"flex-basis:66.66%\">\n<h1 class=\"wp-block-heading\">Contact us!<\/h1>\n\n\n\n<p>Laponiatjuottjudus is a local administrative organization that works to bring decisions as close to those affected as possible. Contact us for questions and thoughts about the administration. If you do not know who to contact, you can call our switchboard and be guided to the right person.<\/p>\n\n\n<section id=\"hitta-snabbt-section\">\n    <div id=\"informationspuff-block_67325a414e5528db91364310fb967a10\" class=\"hitta-snabbt-puffar is-link1-puff informationspuff\">\n                <div class=\"no-link hitta-snabbt-puffar__puff informationspuff\" style=\"box-shadow: 0px -10px 0px black; background-color: #f4f4f4\">\n                        <div class='informationspuff__content'>\n                                    <div class=\"content-full\">\n                        <h4>Switchboard<\/h4>\n<p>V\u00e4xel: <a href=\"tel:+46 (0)971-55 500\">+46 (0)971-55 500<\/a><br \/>\n<a href=\"mailto:info@laponia.nu\">info@laponia.nu<\/a><\/p>\n                    <\/div>\n                \n                                            <\/div>\n        <\/div>\n    <\/div>\n<\/section>\n\n<style>\n    \/* G\u00f6r s\u00e5 att b\u00e5de <a> taggen, samt den puff som \u00e4r en <div> har korrekt f\u00e4rg f\u00f6r l\u00e4nktext *\/\n    #informationspuff-block_67325a414e5528db91364310fb967a10.is-link-puff {\n        color: black;\n    }\n\n    #informationspuff-block_67325a414e5528db91364310fb967a10.is-link-puff p {\n        color: black;\n    }\n<\/style>\n\n<section id=\"hitta-snabbt-section\">\n    <div id=\"informationspuff-block_6981c901da70b02a5f7b5503dea92155\" class=\"hitta-snabbt-puffar is-link1-puff informationspuff\">\n                <div class=\"no-link hitta-snabbt-puffar__puff informationspuff\" style=\"box-shadow: 0px -10px 0px black; background-color: #f4f4f4\">\n                        <div class='informationspuff__content'>\n                                    <div class=\"content-full\">\n                        <h4>Visiting adress<\/h4>\n<p>Laponiatjuottjudus<br \/>\nKvarnbogatan 11<br \/>\n962 32 J\u00e5hk\u00e5m\u00e5hkke\/Jokkmokk<br \/>\nSvierik\/Sverige<\/p>\n                    <\/div>\n                \n                                            <\/div>\n        <\/div>\n    <\/div>\n<\/section>\n\n<style>\n    \/* G\u00f6r s\u00e5 att b\u00e5de <a> taggen, samt den puff som \u00e4r en <div> har korrekt f\u00e4rg f\u00f6r l\u00e4nktext *\/\n    #informationspuff-block_6981c901da70b02a5f7b5503dea92155.is-link-puff {\n        color: black;\n    }\n\n    #informationspuff-block_6981c901da70b02a5f7b5503dea92155.is-link-puff p {\n        color: black;\n    }\n<\/style>\n\n<section id=\"hitta-snabbt-section\">\n    <div id=\"informationspuff-block_c43a40ee4ed7e73efd4ba83a9edb5cb9\" class=\"hitta-snabbt-puffar is-link1-puff informationspuff\">\n                <div class=\"no-link hitta-snabbt-puffar__puff informationspuff\" style=\"box-shadow: 0px -10px 0px black; background-color: #f4f4f4\">\n                        <div class='informationspuff__content'>\n                                    <div class=\"content-full\">\n                        <h4>Naturum Laponia<\/h4>\n<p>Tel: <a href=\"tel:+46 (0)973-220 20\">+46 (0)973-220 20<\/a><br \/>\n<a href=\"mailto:naturum@laponia.nu\">naturum@laponia.nu<\/a><\/p>\n                    <\/div>\n                \n                                            <\/div>\n        <\/div>\n    <\/div>\n<\/section>\n\n<style>\n    \/* G\u00f6r s\u00e5 att b\u00e5de <a> taggen, samt den puff som \u00e4r en <div> har korrekt f\u00e4rg f\u00f6r l\u00e4nktext *\/\n    #informationspuff-block_c43a40ee4ed7e73efd4ba83a9edb5cb9.is-link-puff {\n        color: black;\n    }\n\n    #informationspuff-block_c43a40ee4ed7e73efd4ba83a9edb5cb9.is-link-puff p {\n        color: black;\n    }\n<\/style>\n\n\n<div class=\"wp-block-columns is-layout-flex wp-container-core-columns-is-layout-9d6595d7 wp-block-columns-is-layout-flex\">\n<div class=\"wp-block-column is-layout-flow wp-block-column-is-layout-flow\"><\/div>\n<\/div>\n<\/div>\n\n\n\n<div class=\"wp-block-column is-layout-flow wp-block-column-is-layout-flow\" style=\"flex-basis:33.33%\"><section id=\"hitta-snabbt-section\">\n    <div id=\"informationspuff-block_c922082c55df938da131709ee2af1f3b\" class=\"hitta-snabbt-puffar is-link1-puff informationspuff\">\n                <div class=\"no-link hitta-snabbt-puffar__puff informationspuff\" style=\"box-shadow: 0px -10px 0px black; background-color: #f4f4f4\">\n                        <div class='informationspuff__content'>\n                                    <div class=\"content-full\">\n                        <h4><strong>Do you want information about visiting Laponia?<\/strong><\/h4>\n<p>If you want to know more about Laponia before your visit, we advise you to contact the tourist offices in G\u00e4llivare and Jokkmokk. They are experts in all the practicalities, such as where you can stay and what you can do when you are here.<\/p>\n<p><strong>JIELLEV\u00c1RRE\/G\u00c4LLIVARE TURISTCENTER<\/strong><br \/>\nTel: +46 (0)970-818 100<br \/>\n<a href=\"mailto:info@visitgallivare.se\">info@visitgallivare.se<\/a><br \/>\n<a href=\"http:\/\/visitgallivare.se\" target=\"_blank\" rel=\"noopener\">visit@gallivare.se<\/a><\/p>\n<p><strong>JOKKMOKKS INFOCENTER<\/strong><br \/>\nTel: +46 (0)971-222 50<br \/>\n<a href=\"mailto:infocenter@jokkmokk.se\">infocenter@jokkmokk.se <\/a><br \/>\n<a href=\"http:\/\/www.jokkmokk.se\/turism\" target=\"_blank\" rel=\"noopener\">www.jokkmokk.se\/turism<\/a><\/p>\n                    <\/div>\n                \n                                            <\/div>\n        <\/div>\n    <\/div>\n<\/section>\n\n<style>\n    \/* G\u00f6r s\u00e5 att b\u00e5de <a> taggen, samt den puff som \u00e4r en <div> har korrekt f\u00e4rg f\u00f6r l\u00e4nktext *\/\n    #informationspuff-block_c922082c55df938da131709ee2af1f3b.is-link-puff {\n        color: black;\n    }\n\n    #informationspuff-block_c922082c55df938da131709ee2af1f3b.is-link-puff p {\n        color: black;\n    }\n<\/style>\n\n<section id=\"hitta-snabbt-section\">\n    <a id=\"informationspuff-block_88fd405fab2f92d875e165eeec460bc5\" href=\"https:\/\/laponia.nu\/press\/\" class=\"hitta-snabbt-puffar is-link1-puff informationspuff\">\n                <div class=\"no-link hitta-snabbt-puffar__puff informationspuff\" style=\"box-shadow: 0px -10px 0px black; background-color: #f4f4f4\">\n                        <div class='informationspuff__content'>\n                                    <div class=\"content-full\">\n                        <h4>Press<\/h4>\n<p><a href=\"https:\/\/laponia.nu\/en\/press\/\">Here<\/a> you will find pictures you may use in articles and newspapers<\/p>\n                    <\/div>\n                \n                                    <p class=\"hitta-snabbt-puffar__puff__pil\"><i class=\"far fa-arrow-right\"><\/i><\/p>\n                                            <\/div>\n        <\/div>\n    <\/a>\n<\/section>\n\n<style>\n    \/* G\u00f6r s\u00e5 att b\u00e5de <a> taggen, samt den puff som \u00e4r en <div> har korrekt f\u00e4rg f\u00f6r l\u00e4nktext *\/\n    #informationspuff-block_88fd405fab2f92d875e165eeec460bc5.is-link-puff {\n        color: black;\n    }\n\n    #informationspuff-block_88fd405fab2f92d875e165eeec460bc5.is-link-puff p {\n        color: black;\n    }\n<\/style><\/div>\n<\/div>\n\n\n\n<h2 class=\"wp-block-heading\">Personal<\/h2>\n\n\n\n<div class=\"wp-block-media-text alignwide is-stacked-on-mobile\" style=\"grid-template-columns:25% auto\"><figure class=\"wp-block-media-text__media\"><img decoding=\"async\" width=\"700\" height=\"700\" src=\"https:\/\/laponia.nu\/wp-content\/uploads\/2022\/09\/Personalfoto_LT_5aug22_-47_1080px-700x700.jpg\" alt=\"\" class=\"wp-image-57329 size-full\" srcset=\"https:\/\/laponia.nu\/wp-content\/uploads\/2022\/09\/Personalfoto_LT_5aug22_-47_1080px-700x700.jpg 700w, https:\/\/laponia.nu\/wp-content\/uploads\/2022\/09\/Personalfoto_LT_5aug22_-47_1080px-250x250.jpg 250w, https:\/\/laponia.nu\/wp-content\/uploads\/2022\/09\/Personalfoto_LT_5aug22_-47_1080px-150x150.jpg 150w, https:\/\/laponia.nu\/wp-content\/uploads\/2022\/09\/Personalfoto_LT_5aug22_-47_1080px-768x768.jpg 768w, https:\/\/laponia.nu\/wp-content\/uploads\/2022\/09\/Personalfoto_LT_5aug22_-47_1080px-740x740.jpg 740w, https:\/\/laponia.nu\/wp-content\/uploads\/2022\/09\/Personalfoto_LT_5aug22_-47_1080px-120x120.jpg 120w, https:\/\/laponia.nu\/wp-content\/uploads\/2022\/09\/Personalfoto_LT_5aug22_-47_1080px.jpg 1080w\" sizes=\"(max-width: 700px) 100vw, 700px\" \/><\/figure><div class=\"wp-block-media-text__content\">\n<h6 class=\"wp-block-heading has-medium-font-size\"><strong>\u00c5sa Nordin<\/strong><\/h6>\n\n\n\n<p class=\"has-medium-font-size\">V\u00e4r\u00e1lt\u00e1rbbeoajvve \/ Operations Manager<\/p>\n\n\n\n<p class=\"has-medium-font-size\">asa.nordin@laponia.nu<\/p>\n\n\n\n<p class=\"has-medium-font-size\">+46 72 561 10 31<\/p>\n<\/div><\/div>\n\n\n\n<div style=\"height:6px\" aria-hidden=\"true\" class=\"wp-block-spacer\"><\/div>\n\n\n\n<div class=\"wp-block-media-text alignwide is-stacked-on-mobile\" style=\"grid-template-columns:25% auto\"><figure class=\"wp-block-media-text__media\"><img decoding=\"async\" width=\"700\" height=\"700\" src=\"https:\/\/laponia.nu\/wp-content\/uploads\/2022\/09\/Personalfoto_LT_5aug22_-281_1080px-700x700.jpg\" alt=\"\" class=\"wp-image-57325 size-full\" srcset=\"https:\/\/laponia.nu\/wp-content\/uploads\/2022\/09\/Personalfoto_LT_5aug22_-281_1080px-700x700.jpg 700w, https:\/\/laponia.nu\/wp-content\/uploads\/2022\/09\/Personalfoto_LT_5aug22_-281_1080px-250x250.jpg 250w, https:\/\/laponia.nu\/wp-content\/uploads\/2022\/09\/Personalfoto_LT_5aug22_-281_1080px-150x150.jpg 150w, https:\/\/laponia.nu\/wp-content\/uploads\/2022\/09\/Personalfoto_LT_5aug22_-281_1080px-768x768.jpg 768w, https:\/\/laponia.nu\/wp-content\/uploads\/2022\/09\/Personalfoto_LT_5aug22_-281_1080px-740x740.jpg 740w, https:\/\/laponia.nu\/wp-content\/uploads\/2022\/09\/Personalfoto_LT_5aug22_-281_1080px-120x120.jpg 120w, https:\/\/laponia.nu\/wp-content\/uploads\/2022\/09\/Personalfoto_LT_5aug22_-281_1080px.jpg 1080w\" sizes=\"(max-width: 700px) 100vw, 700px\" \/><\/figure><div class=\"wp-block-media-text__content\">\n<h5 class=\"wp-block-heading has-medium-font-size\"><strong>Anders Sandstr\u00f6m<\/strong><\/h5>\n\n\n\n<p class=\"has-medium-font-size\">Giehtadalle \u00e5bmudaksujtto \/ Manager for technical management\nG\u00e1htt\u00e1r \/ Janitor<\/p>\n\n\n\n<p class=\"has-medium-font-size\">anders.sandstrom@laponia.nu<\/p>\n\n\n\n<p class=\"has-medium-font-size\">+46 72 587 51 40<\/p>\n<\/div><\/div>\n\n\n\n<div style=\"height:6px\" aria-hidden=\"true\" class=\"wp-block-spacer\"><\/div>\n\n\n\n<div class=\"wp-block-media-text alignwide is-stacked-on-mobile\" style=\"grid-template-columns:25% auto\"><figure class=\"wp-block-media-text__media\"><img decoding=\"async\" width=\"700\" height=\"700\" src=\"https:\/\/laponia.nu\/wp-content\/uploads\/2022\/09\/Personalfoto_LT_5aug22_-69_1080px-700x700.jpg\" alt=\"\" class=\"wp-image-57317 size-full\" srcset=\"https:\/\/laponia.nu\/wp-content\/uploads\/2022\/09\/Personalfoto_LT_5aug22_-69_1080px-700x700.jpg 700w, https:\/\/laponia.nu\/wp-content\/uploads\/2022\/09\/Personalfoto_LT_5aug22_-69_1080px-250x250.jpg 250w, https:\/\/laponia.nu\/wp-content\/uploads\/2022\/09\/Personalfoto_LT_5aug22_-69_1080px-150x150.jpg 150w, https:\/\/laponia.nu\/wp-content\/uploads\/2022\/09\/Personalfoto_LT_5aug22_-69_1080px-768x768.jpg 768w, https:\/\/laponia.nu\/wp-content\/uploads\/2022\/09\/Personalfoto_LT_5aug22_-69_1080px-740x740.jpg 740w, https:\/\/laponia.nu\/wp-content\/uploads\/2022\/09\/Personalfoto_LT_5aug22_-69_1080px-120x120.jpg 120w, https:\/\/laponia.nu\/wp-content\/uploads\/2022\/09\/Personalfoto_LT_5aug22_-69_1080px.jpg 1080w\" sizes=\"(max-width: 700px) 100vw, 700px\" \/><\/figure><div class=\"wp-block-media-text__content\">\n<h5 class=\"wp-block-heading has-medium-font-size\"><strong>Sara Holmgren<\/strong><\/h5>\n\n\n\n<p class=\"has-medium-font-size\">Ekonoma \/ Economist<\/p>\n\n\n\n<p class=\"has-medium-font-size\">sara.holmgren@laponia.nu<\/p>\n\n\n\n<p class=\"has-medium-font-size\">+46 72 587 61 63<\/p>\n<\/div><\/div>\n\n\n\n<div style=\"height:6px\" aria-hidden=\"true\" class=\"wp-block-spacer\"><\/div>\n\n\n\n<div class=\"wp-block-media-text alignwide is-stacked-on-mobile\" style=\"grid-template-columns:25% auto\"><figure class=\"wp-block-media-text__media\"><img decoding=\"async\" width=\"700\" height=\"700\" src=\"https:\/\/laponia.nu\/wp-content\/uploads\/2022\/09\/Personalfoto_LT_5aug22_-186-Redigera_1080px-700x700.jpg\" alt=\"\" class=\"wp-image-57309 size-full\" srcset=\"https:\/\/laponia.nu\/wp-content\/uploads\/2022\/09\/Personalfoto_LT_5aug22_-186-Redigera_1080px-700x700.jpg 700w, https:\/\/laponia.nu\/wp-content\/uploads\/2022\/09\/Personalfoto_LT_5aug22_-186-Redigera_1080px-250x250.jpg 250w, https:\/\/laponia.nu\/wp-content\/uploads\/2022\/09\/Personalfoto_LT_5aug22_-186-Redigera_1080px-150x150.jpg 150w, https:\/\/laponia.nu\/wp-content\/uploads\/2022\/09\/Personalfoto_LT_5aug22_-186-Redigera_1080px-768x768.jpg 768w, https:\/\/laponia.nu\/wp-content\/uploads\/2022\/09\/Personalfoto_LT_5aug22_-186-Redigera_1080px-740x740.jpg 740w, https:\/\/laponia.nu\/wp-content\/uploads\/2022\/09\/Personalfoto_LT_5aug22_-186-Redigera_1080px-120x120.jpg 120w, https:\/\/laponia.nu\/wp-content\/uploads\/2022\/09\/Personalfoto_LT_5aug22_-186-Redigera_1080px.jpg 1080w\" sizes=\"(max-width: 700px) 100vw, 700px\" \/><\/figure><div class=\"wp-block-media-text__content\">\n<h5 class=\"wp-block-heading has-medium-font-size\"><strong>Leila Nutti<\/strong><\/h5>\n\n\n\n<p class=\"has-medium-font-size\">Giehtadalle s\u00e1mekultuvrra ja boatsoj\u00e4ladus \/\nManager for Sami culture and reindeer husbandry<\/p>\n\n\n\n<p class=\"has-medium-font-size\">leila.nutti@laponia.nu<\/p>\n\n\n\n<p class=\"has-medium-font-size\">+46 72 587 51 78<\/p>\n<\/div><\/div>\n\n\n\n<div style=\"height:6px\" aria-hidden=\"true\" class=\"wp-block-spacer\"><\/div>\n\n\n\n<div class=\"wp-block-media-text alignwide is-stacked-on-mobile\" style=\"grid-template-columns:25% auto\"><figure class=\"wp-block-media-text__media\"><img decoding=\"async\" width=\"700\" height=\"700\" src=\"https:\/\/laponia.nu\/wp-content\/uploads\/2024\/06\/Personalfoto_LT_juni24-80_1080px-700x700.jpg\" alt=\"\" class=\"wp-image-61024 size-full\" srcset=\"https:\/\/laponia.nu\/wp-content\/uploads\/2024\/06\/Personalfoto_LT_juni24-80_1080px-700x700.jpg 700w, https:\/\/laponia.nu\/wp-content\/uploads\/2024\/06\/Personalfoto_LT_juni24-80_1080px-250x250.jpg 250w, https:\/\/laponia.nu\/wp-content\/uploads\/2024\/06\/Personalfoto_LT_juni24-80_1080px-150x150.jpg 150w, https:\/\/laponia.nu\/wp-content\/uploads\/2024\/06\/Personalfoto_LT_juni24-80_1080px-768x768.jpg 768w, https:\/\/laponia.nu\/wp-content\/uploads\/2024\/06\/Personalfoto_LT_juni24-80_1080px-740x740.jpg 740w, https:\/\/laponia.nu\/wp-content\/uploads\/2024\/06\/Personalfoto_LT_juni24-80_1080px-120x120.jpg 120w, https:\/\/laponia.nu\/wp-content\/uploads\/2024\/06\/Personalfoto_LT_juni24-80_1080px.jpg 1080w\" sizes=\"(max-width: 700px) 100vw, 700px\" \/><\/figure><div class=\"wp-block-media-text__content\">\n<h5 class=\"wp-block-heading has-medium-font-size\"><strong>Jonas Enlund<\/strong><\/h5>\n\n\n\n<p class=\"has-medium-font-size\">Giehtadalle \u00e5bmudaksujtto \/ Manager for technical management<\/p>\n\n\n\n<p>jonas.enlund@laponia.nu<\/p>\n\n\n\n<p>+46 72 587 61 60<\/p>\n<\/div><\/div>\n\n\n\n<div style=\"height:6px\" aria-hidden=\"true\" class=\"wp-block-spacer\"><\/div>\n\n\n\n<div class=\"wp-block-media-text alignwide is-stacked-on-mobile\" style=\"grid-template-columns:25% auto\"><figure class=\"wp-block-media-text__media\"><img decoding=\"async\" width=\"700\" height=\"700\" src=\"https:\/\/laponia.nu\/wp-content\/uploads\/2024\/06\/Personalfoto_LT_juni24-47_1080px-700x700.jpg\" alt=\"\" class=\"wp-image-61020 size-full\" srcset=\"https:\/\/laponia.nu\/wp-content\/uploads\/2024\/06\/Personalfoto_LT_juni24-47_1080px-700x700.jpg 700w, https:\/\/laponia.nu\/wp-content\/uploads\/2024\/06\/Personalfoto_LT_juni24-47_1080px-250x250.jpg 250w, https:\/\/laponia.nu\/wp-content\/uploads\/2024\/06\/Personalfoto_LT_juni24-47_1080px-150x150.jpg 150w, https:\/\/laponia.nu\/wp-content\/uploads\/2024\/06\/Personalfoto_LT_juni24-47_1080px-768x768.jpg 768w, https:\/\/laponia.nu\/wp-content\/uploads\/2024\/06\/Personalfoto_LT_juni24-47_1080px-740x740.jpg 740w, https:\/\/laponia.nu\/wp-content\/uploads\/2024\/06\/Personalfoto_LT_juni24-47_1080px-120x120.jpg 120w, https:\/\/laponia.nu\/wp-content\/uploads\/2024\/06\/Personalfoto_LT_juni24-47_1080px.jpg 1080w\" sizes=\"(max-width: 700px) 100vw, 700px\" \/><\/figure><div class=\"wp-block-media-text__content\">\n<h5 class=\"wp-block-heading has-medium-font-size\"><strong>Elena Walkeap\u00e4\u00e4<\/strong><\/h5>\n\n\n\n<p class=\"has-medium-font-size\">Giehtadalle&nbsp;kultuvrrabir\u00e1ssujtto \/ Manager for cultural environment <\/p>\n\n\n\n<p class=\"has-black-color has-text-color has-link-color wp-elements-fb42a7342a9c5d10a58b28b2793ffc2f\">elena.walkeapaa@laponia.nu<\/p>\n\n\n\n<p>+46 72 587 61 64<\/p>\n<\/div><\/div>\n\n\n\n<div style=\"height:6px\" aria-hidden=\"true\" class=\"wp-block-spacer\"><\/div>\n\n\n\n<div style=\"height:6px\" aria-hidden=\"true\" class=\"wp-block-spacer\"><\/div>\n\n\n\n<div class=\"wp-block-media-text alignwide is-stacked-on-mobile\" style=\"grid-template-columns:25% auto\"><figure class=\"wp-block-media-text__media\"><img decoding=\"async\" width=\"700\" height=\"700\" src=\"https:\/\/laponia.nu\/wp-content\/uploads\/2024\/11\/Projektet-Andra-storlek-pa-bild-700x700.png\" alt=\"\" class=\"wp-image-61171 size-full\" srcset=\"https:\/\/laponia.nu\/wp-content\/uploads\/2024\/11\/Projektet-Andra-storlek-pa-bild-700x700.png 700w, https:\/\/laponia.nu\/wp-content\/uploads\/2024\/11\/Projektet-Andra-storlek-pa-bild-250x250.png 250w, https:\/\/laponia.nu\/wp-content\/uploads\/2024\/11\/Projektet-Andra-storlek-pa-bild-150x150.png 150w, https:\/\/laponia.nu\/wp-content\/uploads\/2024\/11\/Projektet-Andra-storlek-pa-bild-768x768.png 768w, https:\/\/laponia.nu\/wp-content\/uploads\/2024\/11\/Projektet-Andra-storlek-pa-bild-740x740.png 740w, https:\/\/laponia.nu\/wp-content\/uploads\/2024\/11\/Projektet-Andra-storlek-pa-bild-120x120.png 120w, https:\/\/laponia.nu\/wp-content\/uploads\/2024\/11\/Projektet-Andra-storlek-pa-bild.png 1080w\" sizes=\"(max-width: 700px) 100vw, 700px\" \/><\/figure><div class=\"wp-block-media-text__content\">\n<h5 class=\"wp-block-heading has-medium-font-size\"><strong>Naomi Aira<\/strong><\/h5>\n\n\n\n<p class=\"has-medium-font-size\">Prosj\u00e4ktaj\u00e5dediddje&nbsp; \/ Project manager<\/p>\n\n\n\n<p class=\"has-black-color has-text-color has-link-color wp-elements-368640cf76c18b3e9ad1026da96091ff\">Naomi.aira@laponia.nu<\/p>\n\n\n\n<p>+46 72 587 81 08<\/p>\n<\/div><\/div>\n\n\n\n<div style=\"height:6px\" aria-hidden=\"true\" class=\"wp-block-spacer\"><\/div>\n\n\n\n<div style=\"height:6px\" aria-hidden=\"true\" class=\"wp-block-spacer\"><\/div>\n\n\n\n<div style=\"height:6px\" aria-hidden=\"true\" class=\"wp-block-spacer\"><\/div>\n\n\n\n<div class=\"wp-block-media-text alignwide is-stacked-on-mobile\" style=\"grid-template-columns:25% auto\"><figure class=\"wp-block-media-text__media\"><img decoding=\"async\" width=\"700\" height=\"524\" src=\"https:\/\/laponia.nu\/wp-content\/uploads\/2024\/03\/20230323_172024_2160px-700x524.jpg\" alt=\"\" class=\"wp-image-60789 size-full\" srcset=\"https:\/\/laponia.nu\/wp-content\/uploads\/2024\/03\/20230323_172024_2160px-700x524.jpg 700w, https:\/\/laponia.nu\/wp-content\/uploads\/2024\/03\/20230323_172024_2160px-250x187.jpg 250w, https:\/\/laponia.nu\/wp-content\/uploads\/2024\/03\/20230323_172024_2160px-768x575.jpg 768w, https:\/\/laponia.nu\/wp-content\/uploads\/2024\/03\/20230323_172024_2160px-1536x1151.jpg 1536w, https:\/\/laponia.nu\/wp-content\/uploads\/2024\/03\/20230323_172024_2160px-2048x1534.jpg 2048w, https:\/\/laponia.nu\/wp-content\/uploads\/2024\/03\/20230323_172024_2160px-120x90.jpg 120w\" sizes=\"(max-width: 700px) 100vw, 700px\" \/><\/figure><div class=\"wp-block-media-text__content\">\n<h5 class=\"wp-block-heading has-medium-font-size\">Lina Labba<\/h5>\n\n\n\n<p class=\"has-medium-font-size\">Prosj\u00e4ktaviehkediddje \/ Project assistant<\/p>\n\n\n\n<p>lina.labba@laponia.nu<\/p>\n\n\n\n<p><\/p>\n<\/div><\/div>\n\n\n\n<div style=\"height:6px\" aria-hidden=\"true\" class=\"wp-block-spacer\"><\/div>\n\n\n\n<div class=\"wp-block-media-text alignwide is-stacked-on-mobile\" style=\"grid-template-columns:25% auto\"><figure class=\"wp-block-media-text__media\"><img decoding=\"async\" width=\"700\" height=\"467\" src=\"https:\/\/laponia.nu\/wp-content\/uploads\/2024\/02\/Livamvaggi_LT_aug22-687_2160px-700x467.jpg\" alt=\"\" class=\"wp-image-60362 size-full\" srcset=\"https:\/\/laponia.nu\/wp-content\/uploads\/2024\/02\/Livamvaggi_LT_aug22-687_2160px-700x467.jpg 700w, https:\/\/laponia.nu\/wp-content\/uploads\/2024\/02\/Livamvaggi_LT_aug22-687_2160px-250x167.jpg 250w, https:\/\/laponia.nu\/wp-content\/uploads\/2024\/02\/Livamvaggi_LT_aug22-687_2160px-768x512.jpg 768w, https:\/\/laponia.nu\/wp-content\/uploads\/2024\/02\/Livamvaggi_LT_aug22-687_2160px-1536x1024.jpg 1536w, https:\/\/laponia.nu\/wp-content\/uploads\/2024\/02\/Livamvaggi_LT_aug22-687_2160px-2048x1365.jpg 2048w, https:\/\/laponia.nu\/wp-content\/uploads\/2024\/02\/Livamvaggi_LT_aug22-687_2160px-120x80.jpg 120w\" sizes=\"(max-width: 700px) 100vw, 700px\" \/><\/figure><div class=\"wp-block-media-text__content\">\n<h5 class=\"wp-block-heading has-medium-font-size\">Sanna Vannar<\/h5>\n\n\n\n<p class=\"has-medium-font-size\">Prosj\u00e4ktaj\u00e5ddediddje \/ Project manager<\/p>\n\n\n\n<p>sanna.vannar@laponia.nu<\/p>\n\n\n\n<p><\/p>\n<\/div><\/div>\n\n\n\n<div style=\"height:10px\" aria-hidden=\"true\" class=\"wp-block-spacer\"><\/div>\n\n\n\n<div style=\"height:9px\" aria-hidden=\"true\" class=\"wp-block-spacer\"><\/div>\n\n\n\n<div style=\"height:81px\" aria-hidden=\"true\" class=\"wp-block-spacer\"><\/div>\n\n\n\n<p><\/p>\n\n\n\n<div class=\"wp-block-columns is-layout-flex wp-container-core-columns-is-layout-9d6595d7 wp-block-columns-is-layout-flex\">\n<div class=\"wp-block-column is-layout-flow wp-block-column-is-layout-flow\">\n<div class=\"wp-block-columns is-layout-flex wp-container-core-columns-is-layout-9d6595d7 wp-block-columns-is-layout-flex\">\n<div class=\"wp-block-column is-layout-flow wp-block-column-is-layout-flow\" style=\"flex-basis:100%\">\n<h2 class=\"wp-block-heading\">Board Management <\/h2>\n<\/div>\n<\/div>\n\n\n\n<p><\/p>\n\n\n\n<p><strong>Per-Jonas Parffa<\/strong>, Mij\u00e1 Ednam, president<\/p>\n\n\n\n<p>parffa@gmail.com<\/p>\n\n\n\n<p>+46 70 395 44 03<\/p>\n\n\n\n<p><\/p>\n\n\n\n<p><strong>Helena Omma<\/strong>, Mij\u00e1 Ednam, vice president<\/p>\n\n\n\n<p><\/p>\n<\/div>\n<\/div>\n\n\n\n<p><\/p>\n","protected":false},"excerpt":{"rendered":"<p>Contact us! Laponiatjuottjudus is a local administrative organization that works to bring decisions as close to those affected as possible. Contact us for questions and&#8230;<\/p>\n","protected":false},"author":1,"featured_media":0,"parent":0,"menu_order":0,"comment_status":"open","ping_status":"open","template":"","meta":{"_acf_changed":false,"om_disable_all_campaigns":false,"_monsterinsights_skip_tracking":false,"_monsterinsights_sitenote_active":false,"_monsterinsights_sitenote_note":"","_monsterinsights_sitenote_category":0,"footnotes":""},"class_list":["post-57086","page","type-page","status-publish","hentry"],"acf":[],"_links":{"self":[{"href":"https:\/\/laponia.nu\/en\/wp-json\/wp\/v2\/pages\/57086","targetHints":{"allow":["GET"]}}],"collection":[{"href":"https:\/\/laponia.nu\/en\/wp-json\/wp\/v2\/pages"}],"about":[{"href":"https:\/\/laponia.nu\/en\/wp-json\/wp\/v2\/types\/page"}],"author":[{"embeddable":true,"href":"https:\/\/laponia.nu\/en\/wp-json\/wp\/v2\/users\/1"}],"replies":[{"embeddable":true,"href":"https:\/\/laponia.nu\/en\/wp-json\/wp\/v2\/comments?post=57086"}],"version-history":[{"count":16,"href":"https:\/\/laponia.nu\/en\/wp-json\/wp\/v2\/pages\/57086\/revisions"}],"predecessor-version":[{"id":62295,"href":"https:\/\/laponia.nu\/en\/wp-json\/wp\/v2\/pages\/57086\/revisions\/62295"}],"wp:attachment":[{"href":"https:\/\/laponia.nu\/en\/wp-json\/wp\/v2\/media?parent=57086"}],"curies":[{"name":"wp","href":"https:\/\/api.w.org\/{rel}","templated":true}]}}