{"id":57634,"date":"2023-01-18T11:34:44","date_gmt":"2023-01-18T10:34:44","guid":{"rendered":"https:\/\/laponia.nu\/nationalparks-and-nature-reserves\/tjuoldavuobme-tjuoltadalen\/"},"modified":"2023-01-19T09:21:09","modified_gmt":"2023-01-19T08:21:09","slug":"tjuoldavuobme-tjuoltadalen","status":"publish","type":"page","link":"https:\/\/laponia.nu\/en\/nationalparks-and-nature-reserves\/tjuoldavuobme-tjuoltadalen\/","title":{"rendered":"Tjuoldavuobme \/ Tjuoltadalen"},"content":{"rendered":"\n<div class=\"wp-block-columns is-layout-flex wp-container-core-columns-is-layout-9d6595d7 wp-block-columns-is-layout-flex\">\n<div class=\"wp-block-column is-layout-flow wp-block-column-is-layout-flow\" style=\"flex-basis:66.66%\">\n<h2 class=\"wp-block-heading\" id=\"djupa-gammelskogar-och-myrar-vida-som-hav\">Deep in the old-growth forest<\/h2>\n\n\n\n<p>Tjuoldavuobme borders on Sarek and Badjel\u00e1nnda and is known for its old, untouched forest, abundant in wildlife. The Swedish name is the Tjuolta Valley. Vuobme is the S\u00e1mi word for deciduous forest, but in the lower parts of the valley there is also real old-growth pine and spruce forest.<\/p>\n\n\n\n<p>Farther up in the valley, mountain birch forest covers the sides. Predators thrive in Tjuoldavuobme and the valley is an important area for species such as moose, bear and wolverine.<\/p>\n\n\n\n<p>In Northern Sweden, above all in the areas bordering on the mountains, there are still many areas with more than ten percent old-growth forest.<\/p>\n\n\n\n<p><\/p>\n\n\n\n<p><\/p>\n\n\n\n<h2 class=\"wp-block-heading\" id=\"muttosnationalpark\"><a href=\"https:\/\/www.instagram.com\/explore\/tags\/tjuoltadalen\/\" data-type=\"URL\" target=\"_blank\" rel=\"noreferrer noopener\">#tjuoltadalen<\/a><\/h2>\n\n\n\n<p><\/p>\n<\/div>\n\n\n\n<div class=\"wp-block-column is-layout-flow wp-block-column-is-layout-flow\" style=\"flex-basis:33.33%\"><section id=\"hitta-snabbt-section\">\n    <div id=\"informationspuff-block_a2fb3d88059400bf10e58c4056de6552\" class=\"hitta-snabbt-puffar is-link1-puff informationspuff\">\n                <div class=\"no-link hitta-snabbt-puffar__puff informationspuff\" style=\"box-shadow: 0px -10px 0px #413537; background-color: #E5D9DB\">\n                        <div class='informationspuff__content'>\n                                    <div class=\"content-full\">\n                        <p><strong>Did you know&#8230;<\/strong><\/p>\n<h6>Natura 2000<\/h6>\n<p>In Laponia most areas are protected by Natura 2000. Natura 2000 is a network of the EU&#8217;s most protected natural areas. Each area has a unique conservation plan which describes how the area should be managed and what should be protected. The Swedish Environmental Protection Agency coordinated the work with Natura 2000. The county administrative boards are responsible for care, protection and supervision.<\/p>\n                    <\/div>\n                \n                                            <\/div>\n        <\/div>\n    <\/div>\n<\/section>\n\n<style>\n    \/* G\u00f6r s\u00e5 att b\u00e5de <a> taggen, samt den puff som \u00e4r en <div> har korrekt f\u00e4rg f\u00f6r l\u00e4nktext *\/\n    #informationspuff-block_a2fb3d88059400bf10e58c4056de6552.is-link-puff {\n        color: #413537;\n    }\n\n    #informationspuff-block_a2fb3d88059400bf10e58c4056de6552.is-link-puff p {\n        color: black;\n    }\n<\/style><\/div>\n<\/div>\n\n\n\n<div style=\"height:100px\" aria-hidden=\"true\" class=\"wp-block-spacer\"><\/div>\n\n\n\n<div class=\"wp-block-media-text is-stacked-on-mobile\" style=\"grid-template-columns:85% auto\"><figure class=\"wp-block-media-text__media\"><img decoding=\"async\" src=\"https:\/\/laponia.nu\/wp-content\/uploads\/2022\/08\/2018-10_Avst\u00e5ndskarta_Muttos_WEBB2-700x512.png\" alt=\"\" class=\"wp-image-57230 size-full\"\/><\/figure><div class=\"wp-block-media-text__content\">\n<p><\/p>\n<\/div><\/div>\n","protected":false},"excerpt":{"rendered":"<p>Deep in the old-growth forest Tjuoldavuobme borders on Sarek and Badjel\u00e1nnda and is known for its old, untouched forest, abundant in wildlife. The Swedish name&#8230;<\/p>\n","protected":false},"author":12,"featured_media":57569,"parent":56231,"menu_order":2,"comment_status":"closed","ping_status":"closed","template":"undersida-sidebar.php","meta":{"_acf_changed":false,"om_disable_all_campaigns":false,"_monsterinsights_skip_tracking":false,"_monsterinsights_sitenote_active":false,"_monsterinsights_sitenote_note":"","_monsterinsights_sitenote_category":0,"footnotes":""},"class_list":["post-57634","page","type-page","status-publish","has-post-thumbnail","hentry"],"acf":[],"_links":{"self":[{"href":"https:\/\/laponia.nu\/en\/wp-json\/wp\/v2\/pages\/57634","targetHints":{"allow":["GET"]}}],"collection":[{"href":"https:\/\/laponia.nu\/en\/wp-json\/wp\/v2\/pages"}],"about":[{"href":"https:\/\/laponia.nu\/en\/wp-json\/wp\/v2\/types\/page"}],"author":[{"embeddable":true,"href":"https:\/\/laponia.nu\/en\/wp-json\/wp\/v2\/users\/12"}],"replies":[{"embeddable":true,"href":"https:\/\/laponia.nu\/en\/wp-json\/wp\/v2\/comments?post=57634"}],"version-history":[{"count":5,"href":"https:\/\/laponia.nu\/en\/wp-json\/wp\/v2\/pages\/57634\/revisions"}],"predecessor-version":[{"id":57689,"href":"https:\/\/laponia.nu\/en\/wp-json\/wp\/v2\/pages\/57634\/revisions\/57689"}],"up":[{"embeddable":true,"href":"https:\/\/laponia.nu\/en\/wp-json\/wp\/v2\/pages\/56231"}],"wp:featuredmedia":[{"embeddable":true,"href":"https:\/\/laponia.nu\/en\/wp-json\/wp\/v2\/media\/57569"}],"wp:attachment":[{"href":"https:\/\/laponia.nu\/en\/wp-json\/wp\/v2\/media?parent=57634"}],"curies":[{"name":"wp","href":"https:\/\/api.w.org\/{rel}","templated":true}]}}