{"id":57638,"date":"2023-01-18T13:08:20","date_gmt":"2023-01-18T12:08:20","guid":{"rendered":"https:\/\/laponia.nu\/nationalparks-and-nature-reserves\/sulidalbma-sulitelma\/"},"modified":"2023-01-18T13:08:27","modified_gmt":"2023-01-18T12:08:27","slug":"sulidalbma-sulitelma","status":"publish","type":"page","link":"https:\/\/laponia.nu\/en\/nationalparks-and-nature-reserves\/sulidalbma-sulitelma\/","title":{"rendered":"Sulid\u00e4lbm\u00e1 \/ Sulitelma"},"content":{"rendered":"\n<div class=\"wp-block-columns is-layout-flex wp-container-core-columns-is-layout-9d6595d7 wp-block-columns-is-layout-flex\">\n<div class=\"wp-block-column is-layout-flow wp-block-column-is-layout-flow\" style=\"flex-basis:66.66%\">\n<h2 class=\"wp-block-heading\" id=\"djupa-gammelskogar-och-myrar-vida-som-hav\">At the end of Swedens oldest tourist trail <\/h2>\n\n\n\n<p>A Swedish proverb has it that \u201ca loved child has many names\u201d. This applies especially if two countries are involved. In Norway, Sulid\u00e4lbm\u00e1 is spelt Sulitjelma. In Sweden, the S\u00e1mi name is used. But it is the same area \u2013 alpine mountains and enormous glaciers, where the Norwegian Swedish border cuts right through the mountain massif, splitting the vast S\u00e1llajieg\u014ba in two parts.&#13;\n<\/p>\n\n\n\n<p>S\u00e1llajieg\u014ba means \u201dcrevasse ice\u201d and is the biggest glacier in Sulid\u00e4lbm\u00e1. To stand at its foot is the closest to the ice age we can get. The bluish-white ice colossus curves down, calving into a turbid glacier lake. Below the glacier, reindeer forage in summer, having come up here to escape the mosquitoes.<\/p>\n\n\n\n<h2 class=\"wp-block-heading\" id=\"muttosnationalpark\"><a href=\"https:\/\/www.instagram.com\/explore\/tags\/sulitelma\/\" data-type=\"URL\" target=\"_blank\" rel=\"noreferrer noopener\">#sulitelma<\/a><\/h2>\n\n\n\n<p><\/p>\n<\/div>\n\n\n\n<div class=\"wp-block-column is-layout-flow wp-block-column-is-layout-flow\" style=\"flex-basis:33.33%\"><section id=\"hitta-snabbt-section\">\n    <div id=\"informationspuff-block_34f30dce55b186b963637fc8faf670fd\" class=\"hitta-snabbt-puffar is-link1-puff informationspuff\">\n                <div class=\"no-link hitta-snabbt-puffar__puff informationspuff\" style=\"box-shadow: 0px -10px 0px #413537; background-color: #E5D9DB\">\n                        <div class='informationspuff__content'>\n                                    <div class=\"content-full\">\n                        <p><strong>Did you know&#8230;\u00a0<\/strong><\/p>\n<p>The Swedish Tourist Association (STF) was founded in 1885. One of the founders was Fredrik Svenonius. He came to the early realisation that the increasing tourism demanded transport, trails and overnight accommodation. Tarra\u00e4lv River cabin was one of the very first to be built. The cabin was completed in 1889. The reason for building it was that at the time Sulid\u00e4lbm\u00e1 was thought to be the highest mountain in Sweden, and tourists and mountaineers would need overnight cabins along the 60 km route to Sulid\u00e4lbm\u00e1. The trail from Kvikkjokk to Sulid\u00e4lbm\u00e1 is Sweden\u2019s oldest tourist trail.<\/p>\n                    <\/div>\n                \n                                            <\/div>\n        <\/div>\n    <\/div>\n<\/section>\n\n<style>\n    \/* G\u00f6r s\u00e5 att b\u00e5de <a> taggen, samt den puff som \u00e4r en <div> har korrekt f\u00e4rg f\u00f6r l\u00e4nktext *\/\n    #informationspuff-block_34f30dce55b186b963637fc8faf670fd.is-link-puff {\n        color: #413537;\n    }\n\n    #informationspuff-block_34f30dce55b186b963637fc8faf670fd.is-link-puff p {\n        color: black;\n    }\n<\/style><\/div>\n<\/div>\n\n<div style=\"height:100px\" aria-hidden=\"true\" class=\"wp-block-spacer\"><\/div>\n\n<div class=\"wp-block-media-text is-stacked-on-mobile\" style=\"grid-template-columns:85% auto\"><figure class=\"wp-block-media-text__media\"><img decoding=\"async\" src=\"https:\/\/laponia.nu\/wp-content\/uploads\/2022\/08\/2018-10_Avst\u00e5ndskarta_Muttos_WEBB2-700x512.png\" alt=\"\" class=\"wp-image-57230 size-full\"\/><\/figure><div class=\"wp-block-media-text__content\">\n<p><\/p>\n<\/div><\/div>\n","protected":false},"excerpt":{"rendered":"<p>At the end of Swedens oldest tourist trail A Swedish proverb has it that \u201ca loved child has many names\u201d. This applies especially if two&#8230;<\/p>\n","protected":false},"author":12,"featured_media":57573,"parent":56231,"menu_order":3,"comment_status":"closed","ping_status":"closed","template":"undersida-sidebar.php","meta":{"_acf_changed":false,"om_disable_all_campaigns":false,"_monsterinsights_skip_tracking":false,"_monsterinsights_sitenote_active":false,"_monsterinsights_sitenote_note":"","_monsterinsights_sitenote_category":0,"footnotes":""},"class_list":["post-57638","page","type-page","status-publish","has-post-thumbnail","hentry"],"acf":[],"_links":{"self":[{"href":"https:\/\/laponia.nu\/en\/wp-json\/wp\/v2\/pages\/57638","targetHints":{"allow":["GET"]}}],"collection":[{"href":"https:\/\/laponia.nu\/en\/wp-json\/wp\/v2\/pages"}],"about":[{"href":"https:\/\/laponia.nu\/en\/wp-json\/wp\/v2\/types\/page"}],"author":[{"embeddable":true,"href":"https:\/\/laponia.nu\/en\/wp-json\/wp\/v2\/users\/12"}],"replies":[{"embeddable":true,"href":"https:\/\/laponia.nu\/en\/wp-json\/wp\/v2\/comments?post=57638"}],"version-history":[{"count":3,"href":"https:\/\/laponia.nu\/en\/wp-json\/wp\/v2\/pages\/57638\/revisions"}],"predecessor-version":[{"id":57641,"href":"https:\/\/laponia.nu\/en\/wp-json\/wp\/v2\/pages\/57638\/revisions\/57641"}],"up":[{"embeddable":true,"href":"https:\/\/laponia.nu\/en\/wp-json\/wp\/v2\/pages\/56231"}],"wp:featuredmedia":[{"embeddable":true,"href":"https:\/\/laponia.nu\/en\/wp-json\/wp\/v2\/media\/57573"}],"wp:attachment":[{"href":"https:\/\/laponia.nu\/en\/wp-json\/wp\/v2\/media?parent=57638"}],"curies":[{"name":"wp","href":"https:\/\/api.w.org\/{rel}","templated":true}]}}