{"id":57642,"date":"2023-01-18T13:15:39","date_gmt":"2023-01-18T12:15:39","guid":{"rendered":"https:\/\/laponia.nu\/nationalparks-and-nature-reserves\/rahpaano-suorgudahka-lajtavrredeltat-laitauredeltat\/"},"modified":"2023-01-19T10:09:47","modified_gmt":"2023-01-19T09:09:47","slug":"rahpaano-suorgudahka-lajtavrredeltat-laitauredeltat","status":"publish","type":"page","link":"https:\/\/laponia.nu\/en\/nationalparks-and-nature-reserves\/rahpaano-suorgudahka-lajtavrredeltat-laitauredeltat\/","title":{"rendered":"R\u00e1hpa\u00e4no suorgudahka, L\u00e1jt\u00e1vrredeltat \/ Laitauredeltat"},"content":{"rendered":"\n<div class=\"wp-block-columns is-layout-flex wp-container-core-columns-is-layout-9d6595d7 wp-block-columns-is-layout-flex\">\n<div class=\"wp-block-column is-layout-flow wp-block-column-is-layout-flow\" style=\"flex-basis:66.66%\">\n<h2 class=\"wp-block-heading\" id=\"djupa-gammelskogar-och-myrar-vida-som-hav\">Laponias most photographed area <\/h2>\n\n\n\n<p>When you arrive at R\u00e1hpa\u00e4no suorgudahka and look out over the delta surrounded by cliffs 600 m high, it is easy to become breathless. It is not strange that many of the places around it are considered sacred. There are many old sacrificial sites around Lake L\u00e1jt\u00e1vrre. It is said that nine bears were shot at the stone called \u00c1ktseg\u00e1llo. That is why the dwelling site down by the lake is called Aktse, which means \u201cnine\u201d in S\u00e1mi.<\/p>\n\n\n\n<p>The scenic delta, shimmering turquoise, meandering below the mountains Skierffe and Tjahkkelij, is one of the most photographed places in the whole of Laponia and represents the essence of Sarek, but in fact the Lake L\u00e1jt\u00e1vrre Delta, or R\u00e1hpa\u00e4no suorgudahka as it is called in S\u00e1mi, lies outside Sarek and forms the gateway to R\u00e1hpavuobme, the Rapa Valley.<\/p>\n\n\n\n<p>The River R\u00e1hpa\u00e4dno is the main artery of Sarek. It transports sludge from about 30 glaciers and everything is dumped in Lake L\u00e1jt\u00e1vrre. It is the fastest-growing delta in Sweden. The river divides into countless lagoons, and courses that make their way across the landscape, constantly changing. One day you can walk in a place with dry shoes, and the next day you need a boat at the same place.<\/p>\n\n\n\n<p>This type of land is excellent for haymaking. It was the main reason why some S\u00e1mi settled at Aktse and became non-nomadic farmers in the beginning of the 19th century. The farmstead lies near the tourist cabins at Aktse and is still used by the L\u00e4ntha family.<\/p>\n\n\n\n<p>Today the delta is most popular as foraging land for moose, and as moose hunting grounds for the locals.<\/p>\n\n\n\n<h2 class=\"wp-block-heading\" id=\"muttosnationalpark\"><a href=\"https:\/\/www.instagram.com\/explore\/tags\/laitauredeltat\/\" data-type=\"URL\" data-id=\"https:\/\/www.instagram.com\/explore\/tags\/laitauredeltat\/\" target=\"_blank\" rel=\"noreferrer noopener\">#laitauredeltat<\/a><\/h2>\n\n\n\n<p><\/p>\n<\/div>\n\n\n\n<div class=\"wp-block-column is-layout-flow wp-block-column-is-layout-flow\" style=\"flex-basis:33.33%\"><section id=\"hitta-snabbt-section\">\n    <div id=\"informationspuff-block_276ec10935cc6b2315d5e4bb229ae963\" class=\"hitta-snabbt-puffar is-link1-puff informationspuff\">\n                <div class=\"no-link hitta-snabbt-puffar__puff informationspuff\" style=\"box-shadow: 0px -10px 0px #413537; background-color: #E5D9DB\">\n                        <div class='informationspuff__content'>\n                                    <div class=\"content-full\">\n                        <p><strong>Did you know&#8230;<\/strong><\/p>\n<p>Avalanches from the steep mountain sides affect the water, so that the fish in L\u00e1jt\u00e1vrre sometimes disappear for years. The river water becomes so full of sludge that fish cannot live in it.<\/p>\n                    <\/div>\n                \n                                            <\/div>\n        <\/div>\n    <\/div>\n<\/section>\n\n<style>\n    \/* G\u00f6r s\u00e5 att b\u00e5de <a> taggen, samt den puff som \u00e4r en <div> har korrekt f\u00e4rg f\u00f6r l\u00e4nktext *\/\n    #informationspuff-block_276ec10935cc6b2315d5e4bb229ae963.is-link-puff {\n        color: #413537;\n    }\n\n    #informationspuff-block_276ec10935cc6b2315d5e4bb229ae963.is-link-puff p {\n        color: black;\n    }\n<\/style>\n\n<section id=\"hitta-snabbt-section\">\n    <div id=\"informationspuff-block_14e2e97e11ee395d03fa1027fff9403b\" class=\"hitta-snabbt-puffar is-link1-puff informationspuff\">\n                <div class=\"no-link hitta-snabbt-puffar__puff informationspuff\" style=\"box-shadow: 0px -10px 0px #413537; background-color: #E5D9DB\">\n                        <div class='informationspuff__content'>\n                                    <div class=\"content-full\">\n                        <p><strong>Did you know&#8230;\u00a0<\/strong><\/p>\n<p>Sj\u00e1vnja\/Sjuanja and L\u00e1jt\u00e1vrredeltat have been identified as valuable wetlands protected under the Ramsar Convention, an international convention to protect wetlands. The commitment means that the ecological character of the area must not deteriorate.<\/p>\n                    <\/div>\n                \n                                            <\/div>\n        <\/div>\n    <\/div>\n<\/section>\n\n<style>\n    \/* G\u00f6r s\u00e5 att b\u00e5de <a> taggen, samt den puff som \u00e4r en <div> har korrekt f\u00e4rg f\u00f6r l\u00e4nktext *\/\n    #informationspuff-block_14e2e97e11ee395d03fa1027fff9403b.is-link-puff {\n        color: #413537;\n    }\n\n    #informationspuff-block_14e2e97e11ee395d03fa1027fff9403b.is-link-puff p {\n        color: black;\n    }\n<\/style><\/div>\n<\/div>\n\n\n\n<div style=\"height:100px\" aria-hidden=\"true\" class=\"wp-block-spacer\"><\/div>\n\n\n\n<div class=\"wp-block-media-text is-stacked-on-mobile\" style=\"grid-template-columns:85% auto\"><figure class=\"wp-block-media-text__media\"><img decoding=\"async\" src=\"https:\/\/laponia.nu\/wp-content\/uploads\/2022\/08\/2018-10_Avst\u00e5ndskarta_Muttos_WEBB2-700x512.png\" alt=\"\" class=\"wp-image-57230 size-full\"\/><\/figure><div class=\"wp-block-media-text__content\">\n<p><\/p>\n<\/div><\/div>\n","protected":false},"excerpt":{"rendered":"<p>Laponias most photographed area When you arrive at R\u00e1hpa\u00e4no suorgudahka and look out over the delta surrounded by cliffs 600 m high, it is easy&#8230;<\/p>\n","protected":false},"author":12,"featured_media":54742,"parent":56231,"menu_order":1,"comment_status":"closed","ping_status":"closed","template":"undersida-sidebar.php","meta":{"_acf_changed":false,"om_disable_all_campaigns":false,"_monsterinsights_skip_tracking":false,"_monsterinsights_sitenote_active":false,"_monsterinsights_sitenote_note":"","_monsterinsights_sitenote_category":0,"footnotes":""},"class_list":["post-57642","page","type-page","status-publish","has-post-thumbnail","hentry"],"acf":[],"_links":{"self":[{"href":"https:\/\/laponia.nu\/en\/wp-json\/wp\/v2\/pages\/57642","targetHints":{"allow":["GET"]}}],"collection":[{"href":"https:\/\/laponia.nu\/en\/wp-json\/wp\/v2\/pages"}],"about":[{"href":"https:\/\/laponia.nu\/en\/wp-json\/wp\/v2\/types\/page"}],"author":[{"embeddable":true,"href":"https:\/\/laponia.nu\/en\/wp-json\/wp\/v2\/users\/12"}],"replies":[{"embeddable":true,"href":"https:\/\/laponia.nu\/en\/wp-json\/wp\/v2\/comments?post=57642"}],"version-history":[{"count":3,"href":"https:\/\/laponia.nu\/en\/wp-json\/wp\/v2\/pages\/57642\/revisions"}],"predecessor-version":[{"id":57692,"href":"https:\/\/laponia.nu\/en\/wp-json\/wp\/v2\/pages\/57642\/revisions\/57692"}],"up":[{"embeddable":true,"href":"https:\/\/laponia.nu\/en\/wp-json\/wp\/v2\/pages\/56231"}],"wp:featuredmedia":[{"embeddable":true,"href":"https:\/\/laponia.nu\/en\/wp-json\/wp\/v2\/media\/54742"}],"wp:attachment":[{"href":"https:\/\/laponia.nu\/en\/wp-json\/wp\/v2\/media?parent=57642"}],"curies":[{"name":"wp","href":"https:\/\/api.w.org\/{rel}","templated":true}]}}