{"id":59966,"date":"2023-09-06T12:39:24","date_gmt":"2023-09-06T10:39:24","guid":{"rendered":"https:\/\/laponia.nu\/det-saami-culture-within-the-world-heritage-area\/duodji\/"},"modified":"2023-09-06T12:39:25","modified_gmt":"2023-09-06T10:39:25","slug":"duodji","status":"publish","type":"page","link":"https:\/\/laponia.nu\/en\/det-saami-culture-within-the-world-heritage-site\/duodji\/","title":{"rendered":"Duodji"},"content":{"rendered":"\n<div class=\"wp-block-columns is-layout-flex wp-container-core-columns-is-layout-9d6595d7 wp-block-columns-is-layout-flex\">\n<div class=\"wp-block-column is-layout-flow wp-block-column-is-layout-flow\" style=\"flex-basis:66.66%\">\n<h2 class=\"wp-block-heading\">Sami craftsmanship  <\/h2>\n\n\n\n<p>Duodji, the Sami craft, has been produced by hand since ancient times by the Sami people. Familiar hands have taught new eyes through the generations, guiding and showing them every step of the way.  <\/p>\n\n\n\n<p>Laponia has unique area-specific duodje that cannot be found elsewhere, as evidenced by the area&#8217;s place names. The mountain Sv\u00e1lltj\u00e1, above V\u00e1js\u00e1luokta, is named after the g\u00e1bdde (Lsam, kolt) of the J\u00e5hk\u00e5m\u00e5hkke area tradition, which is made entirely from tanned reindeer skins.<\/p>\n\n\n\n<figure class=\"wp-block-image size-large\"><img decoding=\"async\" width=\"700\" height=\"467\" src=\"https:\/\/laponia.nu\/wp-content\/uploads\/2023\/06\/JonT_Utsi_sep14-47_FullRes_CJUTSI-700x467.jpg\" alt=\"\" class=\"wp-image-59638\" srcset=\"https:\/\/laponia.nu\/wp-content\/uploads\/2023\/06\/JonT_Utsi_sep14-47_FullRes_CJUTSI-700x467.jpg 700w, https:\/\/laponia.nu\/wp-content\/uploads\/2023\/06\/JonT_Utsi_sep14-47_FullRes_CJUTSI-250x167.jpg 250w, https:\/\/laponia.nu\/wp-content\/uploads\/2023\/06\/JonT_Utsi_sep14-47_FullRes_CJUTSI-768x512.jpg 768w, https:\/\/laponia.nu\/wp-content\/uploads\/2023\/06\/JonT_Utsi_sep14-47_FullRes_CJUTSI-1536x1024.jpg 1536w, https:\/\/laponia.nu\/wp-content\/uploads\/2023\/06\/JonT_Utsi_sep14-47_FullRes_CJUTSI-2048x1365.jpg 2048w, https:\/\/laponia.nu\/wp-content\/uploads\/2023\/06\/JonT_Utsi_sep14-47_FullRes_CJUTSI-120x80.jpg 120w\" sizes=\"(max-width: 700px) 100vw, 700px\" \/><\/figure>\n\n\n\n<p>Duodji is created from what is close by, and therefore follows the conditions in which nature has shaped the material. Most often the round recurring shapes are seen in duodjin, as the material grows or forms in nature. A guksi is rounded at the bottom because it follows the grain of the wood in the groove it is carved out of, and the shape is also suitable for placing on uneven ground. This goes in one, hand in hand, the material and the duodji. <\/p>\n\n\n\n<figure class=\"wp-block-image size-large\"><img decoding=\"async\" width=\"700\" height=\"467\" src=\"https:\/\/laponia.nu\/wp-content\/uploads\/2023\/06\/Leila_Nutti_home_okt19-308_2160px_CJUTSI-700x467.jpg\" alt=\"\" class=\"wp-image-59642\" srcset=\"https:\/\/laponia.nu\/wp-content\/uploads\/2023\/06\/Leila_Nutti_home_okt19-308_2160px_CJUTSI-700x467.jpg 700w, https:\/\/laponia.nu\/wp-content\/uploads\/2023\/06\/Leila_Nutti_home_okt19-308_2160px_CJUTSI-250x167.jpg 250w, https:\/\/laponia.nu\/wp-content\/uploads\/2023\/06\/Leila_Nutti_home_okt19-308_2160px_CJUTSI-768x512.jpg 768w, https:\/\/laponia.nu\/wp-content\/uploads\/2023\/06\/Leila_Nutti_home_okt19-308_2160px_CJUTSI-1536x1025.jpg 1536w, https:\/\/laponia.nu\/wp-content\/uploads\/2023\/06\/Leila_Nutti_home_okt19-308_2160px_CJUTSI-2048x1366.jpg 2048w, https:\/\/laponia.nu\/wp-content\/uploads\/2023\/06\/Leila_Nutti_home_okt19-308_2160px_CJUTSI-120x80.jpg 120w\" sizes=\"(max-width: 700px) 100vw, 700px\" \/><\/figure>\n\n\n\n<p class=\"has-text-align-center has-small-font-size\">Root crafts. Photo: Carl-Johan Utsi <\/p>\n<\/div>\n\n\n\n<div class=\"wp-block-column is-layout-flow wp-block-column-is-layout-flow\" style=\"flex-basis:33.33%\"><\/div>\n<\/div>\n","protected":false},"excerpt":{"rendered":"<p>Sami craftsmanship Duodji, the Sami craft, has been produced by hand since ancient times by the Sami people. Familiar hands have taught new eyes through&#8230;<\/p>\n","protected":false},"author":12,"featured_media":0,"parent":59956,"menu_order":0,"comment_status":"closed","ping_status":"closed","template":"undersida-sidebar.php","meta":{"_acf_changed":false,"om_disable_all_campaigns":false,"_monsterinsights_skip_tracking":false,"_monsterinsights_sitenote_active":false,"_monsterinsights_sitenote_note":"","_monsterinsights_sitenote_category":0,"footnotes":""},"class_list":["post-59966","page","type-page","status-publish","hentry"],"acf":[],"_links":{"self":[{"href":"https:\/\/laponia.nu\/en\/wp-json\/wp\/v2\/pages\/59966","targetHints":{"allow":["GET"]}}],"collection":[{"href":"https:\/\/laponia.nu\/en\/wp-json\/wp\/v2\/pages"}],"about":[{"href":"https:\/\/laponia.nu\/en\/wp-json\/wp\/v2\/types\/page"}],"author":[{"embeddable":true,"href":"https:\/\/laponia.nu\/en\/wp-json\/wp\/v2\/users\/12"}],"replies":[{"embeddable":true,"href":"https:\/\/laponia.nu\/en\/wp-json\/wp\/v2\/comments?post=59966"}],"version-history":[{"count":1,"href":"https:\/\/laponia.nu\/en\/wp-json\/wp\/v2\/pages\/59966\/revisions"}],"predecessor-version":[{"id":59967,"href":"https:\/\/laponia.nu\/en\/wp-json\/wp\/v2\/pages\/59966\/revisions\/59967"}],"up":[{"embeddable":true,"href":"https:\/\/laponia.nu\/en\/wp-json\/wp\/v2\/pages\/59956"}],"wp:attachment":[{"href":"https:\/\/laponia.nu\/en\/wp-json\/wp\/v2\/media?parent=59966"}],"curies":[{"name":"wp","href":"https:\/\/api.w.org\/{rel}","templated":true}]}}