{"id":60885,"date":"2024-03-28T13:14:47","date_gmt":"2024-03-28T12:14:47","guid":{"rendered":"https:\/\/laponia.nu\/nationalparks-and-nature-reserves\/stubba\/"},"modified":"2024-03-28T13:14:48","modified_gmt":"2024-03-28T12:14:48","slug":"stubba","status":"publish","type":"page","link":"https:\/\/laponia.nu\/en\/nationalparks-and-nature-reserves\/stubba\/","title":{"rendered":"Stubb\u00e1"},"content":{"rendered":"\n<div class=\"wp-block-columns is-layout-flex wp-container-core-columns-is-layout-9d6595d7 wp-block-columns-is-layout-flex\">\n<div class=\"wp-block-column is-layout-flow wp-block-column-is-layout-flow\" style=\"flex-basis:66.66%\">\n<h1 class=\"wp-block-heading\">\n          <b>Forested mountains<\/b>\n        <\/h1>\n\n\n\n<p class=\"p1\">Stubb\u00e1 is a bridge between the vast Sj\u00e1vnja and Muttos\/Muddus National Park. Rounded low mountains clad in coniferous forest extend from the large marshlands. A few peaks reach above the tree line. They are not high, but they give you unexpected views of vast expanses of marshland and old-growth forest.<\/p>\n\n\n\n<p class=\"p1\">Stubb\u00e1 is the home of the Eurasian jay, the capercaillie and the long-eared owl. They live here all year round but are joined in spring by migratory birds. The birds thrive here, on the marshes where no one can disturb them. In winter, the vast marshlands turn into perfect migration routes for both humans and animals. The old-growth forest in Stubb\u00e1 is grazing land for the Unna tjerusj sameby. The bearded dragonfly feeds the reindeer when they cannot graze on the ground.<\/p>\n\n\n\n<p class=\"p1\">Since the E45 highway between Porjus and G\u00e4llivare cuts through Stubb\u00e1, it&#8217;s a great area for short day trips. Go skiing in the countryside or go birdwatching early in the morning. Few parts of the Laponia World Heritage Site are as accessible as Stubb\u00e1.<\/p>\n\n\n\n<p class=\"p1\">Just put on a pair of real boots or a pair of skis. And don&#8217;t forget your binoculars.<\/p>\n<\/div>\n\n\n\n<div class=\"wp-block-column is-layout-flow wp-block-column-is-layout-flow\" style=\"flex-basis:33.33%\"><section id=\"hitta-snabbt-section\">\n    <div id=\"informationspuff-block_0ac08c01db8a34a2e2ebb2635c1cc719\" class=\"hitta-snabbt-puffar is-link1-puff informationspuff\">\n                <div class=\"no-link hitta-snabbt-puffar__puff informationspuff\" style=\"box-shadow: 0px -10px 0px black; background-color: #f4f4f4\">\n                        <div class='informationspuff__content'>\n                                    <div class=\"content-full\">\n                        <p><strong>Did you know that&#8230;<\/strong><\/p>\n<p>In Sami, bogs have different names depending on whether they are large or small, wet or dry, in the mountains or in the forest.  <i>\u00c1hpe<\/i> is a really big and wet bog in the woodland.  <i>Jiegge is<\/i>a small bog.  <i>Suotnju<\/i> in North Sami is a large wet bog in the mountains where there may be palsas and cold springs.<\/p>\n                    <\/div>\n                \n                                            <\/div>\n        <\/div>\n    <\/div>\n<\/section>\n\n<style>\n    \/* G\u00f6r s\u00e5 att b\u00e5de <a> taggen, samt den puff som \u00e4r en <div> har korrekt f\u00e4rg f\u00f6r l\u00e4nktext *\/\n    #informationspuff-block_0ac08c01db8a34a2e2ebb2635c1cc719.is-link-puff {\n        color: black;\n    }\n\n    #informationspuff-block_0ac08c01db8a34a2e2ebb2635c1cc719.is-link-puff p {\n        color: black;\n    }\n<\/style>\n\n<section id=\"hitta-snabbt-section\">\n    <div id=\"informationspuff-block_f67d1199c6ebab5f6d87630c5a730c5d\" class=\"hitta-snabbt-puffar is-link1-puff informationspuff\">\n                <div class=\"no-link hitta-snabbt-puffar__puff informationspuff\" style=\"box-shadow: 0px -10px 0px black; background-color: #f4f4f4\">\n                        <div class='informationspuff__content'>\n                                    <div class=\"content-full\">\n                        <p><strong>Area<\/strong>: 350 km\u00b2<br \/>\n<strong>Year of opening<\/strong>:1988, extended in 1996 and 2011<br \/>\n<strong>Nearest towns: <\/strong>B\u00e5rj\u00e5s\/Porjus and Jiellev\u00e1rre\/G\u00e4llivare<br \/>\n<strong>Sami village:<\/strong> Avoid the jersey<br \/>\n<strong>Municipality:<\/strong> Jiellev\u00e1rre\/G\u00e4llivare<br \/>\n<strong>County:<\/strong> Norrbotten<\/p>\n                    <\/div>\n                \n                                            <\/div>\n        <\/div>\n    <\/div>\n<\/section>\n\n<style>\n    \/* G\u00f6r s\u00e5 att b\u00e5de <a> taggen, samt den puff som \u00e4r en <div> har korrekt f\u00e4rg f\u00f6r l\u00e4nktext *\/\n    #informationspuff-block_f67d1199c6ebab5f6d87630c5a730c5d.is-link-puff {\n        color: black;\n    }\n\n    #informationspuff-block_f67d1199c6ebab5f6d87630c5a730c5d.is-link-puff p {\n        color: black;\n    }\n<\/style><\/div>\n<\/div>\n<div style=\"position: relative; width: 100%; height: 0; padding-bottom: 90%\">\n<div style=\"position: absolute; top: 0; left: 0; width: 100%; height: 100%;\" data-naturkartan-measure-control=\"fullscreen\" data-naturkartan-print-control=\"fullscreen\" data-naturkartan-importance-control=\"false\" data-naturkartan-a11y-control=\"false\" data-naturkartan-scroll-zoom=\"false\" data-naturkartan-preselected-site-id=\"15369\" data-naturkartan-client=\"vanilla\" data-naturkartan-quick-categories=\"false\" data-naturkartan-query=\"site_with_neighbours=15369\" data-naturkartan-strict=\"site\"><\/div>\n<p> <script src=\"https:\/\/map-embed.naturkartan.se\/embed.js\" defer><\/script> <\/p>\n<\/p><\/div>\n","protected":false},"excerpt":{"rendered":"<p>Forested mountains Stubb\u00e1 is a bridge between the vast Sj\u00e1vnja and Muttos\/Muddus National Park. Rounded low mountains clad in coniferous forest extend from the large&#8230;<\/p>\n","protected":false},"author":1,"featured_media":56856,"parent":56231,"menu_order":4,"comment_status":"open","ping_status":"open","template":"undersida-sidebar.php","meta":{"_acf_changed":false,"om_disable_all_campaigns":false,"_monsterinsights_skip_tracking":false,"_monsterinsights_sitenote_active":false,"_monsterinsights_sitenote_note":"","_monsterinsights_sitenote_category":0,"footnotes":""},"class_list":["post-60885","page","type-page","status-publish","has-post-thumbnail","hentry"],"acf":[],"_links":{"self":[{"href":"https:\/\/laponia.nu\/en\/wp-json\/wp\/v2\/pages\/60885","targetHints":{"allow":["GET"]}}],"collection":[{"href":"https:\/\/laponia.nu\/en\/wp-json\/wp\/v2\/pages"}],"about":[{"href":"https:\/\/laponia.nu\/en\/wp-json\/wp\/v2\/types\/page"}],"author":[{"embeddable":true,"href":"https:\/\/laponia.nu\/en\/wp-json\/wp\/v2\/users\/1"}],"replies":[{"embeddable":true,"href":"https:\/\/laponia.nu\/en\/wp-json\/wp\/v2\/comments?post=60885"}],"version-history":[{"count":1,"href":"https:\/\/laponia.nu\/en\/wp-json\/wp\/v2\/pages\/60885\/revisions"}],"predecessor-version":[{"id":60886,"href":"https:\/\/laponia.nu\/en\/wp-json\/wp\/v2\/pages\/60885\/revisions\/60886"}],"up":[{"embeddable":true,"href":"https:\/\/laponia.nu\/en\/wp-json\/wp\/v2\/pages\/56231"}],"wp:featuredmedia":[{"embeddable":true,"href":"https:\/\/laponia.nu\/en\/wp-json\/wp\/v2\/media\/56856"}],"wp:attachment":[{"href":"https:\/\/laponia.nu\/en\/wp-json\/wp\/v2\/media?parent=60885"}],"curies":[{"name":"wp","href":"https:\/\/api.w.org\/{rel}","templated":true}]}}