{"id":60887,"date":"2024-03-28T13:15:51","date_gmt":"2024-03-28T12:15:51","guid":{"rendered":"https:\/\/laponia.nu\/nationalparks-and-nature-reserves\/seabirds\/"},"modified":"2024-03-28T13:17:13","modified_gmt":"2024-03-28T12:17:13","slug":"seabirds","status":"publish","type":"page","link":"https:\/\/laponia.nu\/en\/nationalparks-and-nature-reserves\/seabirds\/","title":{"rendered":"Sj\u00e1vnja"},"content":{"rendered":"\n<div class=\"wp-block-columns is-layout-flex wp-container-core-columns-is-layout-9d6595d7 wp-block-columns-is-layout-flex\">\n<div class=\"wp-block-column is-layout-flow wp-block-column-is-layout-flow\" style=\"flex-basis:66.66%\">\n<h2 class=\"wp-block-heading\">Mythical marshes<\/h2>\n\n\n\n<p>Those who lived here knew where to go. There weren&#8217;t many roads to choose from, across the great marshes. Where it is nice to travel, it is not uncommon to find an old path. You may also find the old trail markers in the trees. The forest is so old that we can only guess when they were created.<\/p>\n\n\n\n<p>Sj\u00e1vnja is known as the land of bogs. In Europe, only Russia has such vast marshlands. Swans are the signature tune of this area, but there are countless numbers of birds mating and laying eggs on the endless marshes. On bright spring nights they sing songs.<\/p>\n\n\n\n<p>But the 11-mile-long Sj\u00e1vnja Nature Reserve is more than just miles of marshland. The further west you go, the higher the mountains get. In some places, the mountain walls rise straight up from the wetlands. The Unna tjerusj and Baste \u010dearru sameby move between the mountains and the winter pastures in the forest. All around the nature reserve are their nesting sites. Some are still in use, others the land has started to reclaim.<\/p>\n\n\n\n<p>For a long time, Sj\u00e1vnja has also been inhabited by settlers who have built settlements in the eastern part of the nature reserve. Until 1940, they mowed the marshes to provide food for their livestock. The rivers and lakes provided fish, the marshes provided berries and the forest provided game to hunt. Today, no one lives here all year round, but the smoke still rises from the cottages.<\/p>\n\n\n\n<p>Since 1996, Sj\u00e1vnja has been part of the Laponia World Heritage Site.<\/p>\n<\/div>\n\n\n\n<div class=\"wp-block-column is-layout-flow wp-block-column-is-layout-flow\" style=\"flex-basis:33.33%\"><section id=\"hitta-snabbt-section\">\n    <div id=\"informationspuff-block_4277d76a729fbe089dd741cf69cfbfdf\" class=\"hitta-snabbt-puffar is-link1-puff informationspuff\">\n                <div class=\"no-link hitta-snabbt-puffar__puff informationspuff\" style=\"box-shadow: 0px -10px 0px black; background-color: #f4f4f4\">\n                        <div class='informationspuff__content'>\n                                    <div class=\"content-full\">\n                        <p><strong>Did you know that&#8230;<\/strong><\/p>\n<p>The formation of the marshes is due to the flatness of eastern Sj\u00e1vnja. The water does not run away. The insects like it. All the mosquitoes in Sj\u00e1vnja multiply rapidly in the pools.<\/p>\n                    <\/div>\n                \n                                            <\/div>\n        <\/div>\n    <\/div>\n<\/section>\n\n<style>\n    \/* G\u00f6r s\u00e5 att b\u00e5de <a> taggen, samt den puff som \u00e4r en <div> har korrekt f\u00e4rg f\u00f6r l\u00e4nktext *\/\n    #informationspuff-block_4277d76a729fbe089dd741cf69cfbfdf.is-link-puff {\n        color: black;\n    }\n\n    #informationspuff-block_4277d76a729fbe089dd741cf69cfbfdf.is-link-puff p {\n        color: black;\n    }\n<\/style><\/div>\n<\/div>\n<div style=\"position: relative; width: 100%; height: 0; padding-bottom: 90%;\">\n<div style=\"position: absolute; top: 0; left: 0; width: 100%; height: 100%;\" data-naturkartan-measure-control=\"fullscreen\" data-naturkartan-print-control=\"fullscreen\" data-naturkartan-importance-control=\"false\" data-naturkartan-a11y-control=\"false\" data-naturkartan-scroll-zoom=\"false\" data-naturkartan-preselected-site-id=\"15379\" data-naturkartan-client=\"vanilla\" data-naturkartan-quick-categories=\"false\" data-naturkartan-query=\"site_with_neighbours=15379\" data-naturkartan-strict=\"site\"><\/div>\n<p>\n              <script src=\"https:\/\/map-embed.naturkartan.se\/embed.js\" defer><\/script>\n            <\/p>\n<\/p><\/div>\n","protected":false},"excerpt":{"rendered":"<p>Mythical marshes Those who lived here knew where to go. There weren&#8217;t many roads to choose from, across the great marshes. Where it is nice&#8230;<\/p>\n","protected":false},"author":1,"featured_media":0,"parent":56231,"menu_order":5,"comment_status":"open","ping_status":"open","template":"undersida-sidebar.php","meta":{"_acf_changed":false,"om_disable_all_campaigns":false,"_monsterinsights_skip_tracking":false,"_monsterinsights_sitenote_active":false,"_monsterinsights_sitenote_note":"","_monsterinsights_sitenote_category":0,"footnotes":""},"class_list":["post-60887","page","type-page","status-publish","hentry"],"acf":[],"_links":{"self":[{"href":"https:\/\/laponia.nu\/en\/wp-json\/wp\/v2\/pages\/60887","targetHints":{"allow":["GET"]}}],"collection":[{"href":"https:\/\/laponia.nu\/en\/wp-json\/wp\/v2\/pages"}],"about":[{"href":"https:\/\/laponia.nu\/en\/wp-json\/wp\/v2\/types\/page"}],"author":[{"embeddable":true,"href":"https:\/\/laponia.nu\/en\/wp-json\/wp\/v2\/users\/1"}],"replies":[{"embeddable":true,"href":"https:\/\/laponia.nu\/en\/wp-json\/wp\/v2\/comments?post=60887"}],"version-history":[{"count":2,"href":"https:\/\/laponia.nu\/en\/wp-json\/wp\/v2\/pages\/60887\/revisions"}],"predecessor-version":[{"id":60889,"href":"https:\/\/laponia.nu\/en\/wp-json\/wp\/v2\/pages\/60887\/revisions\/60889"}],"up":[{"embeddable":true,"href":"https:\/\/laponia.nu\/en\/wp-json\/wp\/v2\/pages\/56231"}],"wp:attachment":[{"href":"https:\/\/laponia.nu\/en\/wp-json\/wp\/v2\/media?parent=60887"}],"curies":[{"name":"wp","href":"https:\/\/api.w.org\/{rel}","templated":true}]}}