{"id":56925,"date":"2022-06-15T11:51:21","date_gmt":"2022-06-15T09:51:21","guid":{"rendered":"https:\/\/laponia.nu\/sjavnja\/"},"modified":"2022-07-05T14:21:17","modified_gmt":"2022-07-05T12:21:17","slug":"sjavnja","status":"publish","type":"page","link":"https:\/\/laponia.nu\/ls\/suoddjimparka-ja-luonndoreservahta\/sjavnja\/","title":{"rendered":"Sj\u00e1vnja"},"content":{"rendered":"\n<div class=\"wp-block-columns is-layout-flex wp-container-core-columns-is-layout-9d6595d7 wp-block-columns-is-layout-flex\">\n<div class=\"wp-block-column is-layout-flow wp-block-column-is-layout-flow\" style=\"flex-basis:66.66%\">\n<h2 class=\"wp-block-heading\">D\u00e5bdos \u00e1be<\/h2>\n\n\n\n<p>D\u00e1 gudi danna viessom diehtin g\u00e5ggu v\u00e1dtset. Da \u00e4llim moadda g\u00e4jno v\u00e1lljit, daj stuor \u00e1bij badjel. G\u00e5nn\u00e5 l buorre v\u00e1dtset sihkkarit g\u00e1vnnu d\u00e5lusj b\u00e1lges.  M\u00e1rjju aj g\u00e1vna dajt d\u00e5lusj tjuollamijt muorajs mav g\u00e4jnov vuoset. Vuobme la n\u00e5v vuoras, jurra mij m\u00e1httep arvvalit goassa b\u00e5dij. <\/p>\n\n\n\n<p>Sj\u00e1vnja la d\u00e5bdos degu \u00e1bij ednam. Europan la d\u00e5ssju g\u00e1rjjel mij adn\u00e1 s\u00e4mmi stuor \u00e1hpeednamav. D\u00e1j stuor \u00e1bij nanna li dievva l\u00e5tte ma gibmi ja m\u00e5nni, gid\u00e1 ij\u00e1jt ij \u00e5vv\u00e5 la sj\u00e1vot, tsits\u00e1tja vits\u00e1rdi ja l\u00e5tte g\u00e1g\u00e1di. Sjnjuvtja jiedna d\u00e1jvva gullu danna. <\/p>\n\n\n\n<p>Luonndoreserv\u00e1htta Sj\u00e1vnja la 11 mijla guhkke valla d\u00e5hku tj\u00e1rgg\u00e1 ienep g\u00e5 stuor \u00e1be. Dadi alebuj boad\u00e1, dadi allagabbo v\u00e1re sjaddi. Muhttem sajijs v\u00e1re gahttji njuolgga \u00e1bijda. D\u00e1lvveednama vuomen ja v\u00e1rij gaskan j\u00e5hti Unna Tjerusj ja Baste \u010dearru sij\u00e1 boahttsuj. Birrusin Sj\u00e1vnja sij\u00e1 \u00e5rromsaje g\u00e1vnnuji. Muhtem dajs uddni vil\u00e1 aneduvve ja muhtema li luondo vas ruoptus v\u00e1lldemin. <\/p>\n\n\n\n<p>Lullegietje Sj\u00e1vnjan li guhkev \u00e5rrum ulmutja ma adnin \u00e5d\u00e5\u00e5rudagajt. Gitta 1940 de da sl\u00e1ddjijin n\u00e5v biebmojt oadtjun slihturijda. \u00c4no ja j\u00e1vre guolijt vaddin, jiekke muorjijt vaddin ja miehtsen m\u00e1htij bivddet. D\u00e1l\u00e1sj \u00e1jge ij la aktak gut jagev birra d\u00e1hppe \u00e5rru, valla vil\u00e1 suovvat d\u00e5bijs. <\/p>\n\n\n\n<p>1996 r\u00e1jes la Sj\u00e1vnja \u00e5rrom oasse Laponia v\u00e4r\u00e1lt\u00e1rbbe.<\/p>\n<\/div>\n\n\n\n<div class=\"wp-block-column is-layout-flow wp-block-column-is-layout-flow\" style=\"flex-basis:33.33%\"><\/div>\n<\/div>\n<div style=\"position: relative; width: 100%; height: 0; padding-bottom: 90%\">\n<div style=\"position: absolute; top: 0; left: 0; width: 100%; height: 100%;\" data-naturkartan-measure-control=\"fullscreen\" data-naturkartan-print-control=\"fullscreen\" data-naturkartan-importance-control=\"false\" data-naturkartan-a11y-control=\"false\" data-naturkartan-scroll-zoom=\"false\" data-naturkartan-preselected-site-id=\"15379\" data-naturkartan-client=\"vanilla\" data-naturkartan-quick-categories=\"false\" data-naturkartan-query=\"site_with_neighbours=15379\" data-naturkartan-strict=\"site\"><\/div>\n<p> <script src=\"https:\/\/map-embed.naturkartan.se\/embed.js\" defer=\"\"><\/script> <\/p>\n<\/div>\n","protected":false},"excerpt":{"rendered":"<p>D\u00e5bdos \u00e1be D\u00e1 gudi danna viessom diehtin g\u00e5ggu v\u00e1dtset. Da \u00e4llim moadda g\u00e4jno v\u00e1lljit, daj stuor \u00e1bij badjel. G\u00e5nn\u00e5 l buorre v\u00e1dtset sihkkarit g\u00e1vnnu d\u00e5lusj&#8230;<\/p>\n","protected":false},"author":1,"featured_media":0,"parent":57079,"menu_order":5,"comment_status":"open","ping_status":"open","template":"undersida-sidebar.php","meta":{"_acf_changed":false,"om_disable_all_campaigns":false,"_monsterinsights_skip_tracking":false,"_monsterinsights_sitenote_active":false,"_monsterinsights_sitenote_note":"","_monsterinsights_sitenote_category":0,"footnotes":""},"class_list":["post-56925","page","type-page","status-publish","hentry"],"acf":[],"_links":{"self":[{"href":"https:\/\/laponia.nu\/ls\/wp-json\/wp\/v2\/pages\/56925","targetHints":{"allow":["GET"]}}],"collection":[{"href":"https:\/\/laponia.nu\/ls\/wp-json\/wp\/v2\/pages"}],"about":[{"href":"https:\/\/laponia.nu\/ls\/wp-json\/wp\/v2\/types\/page"}],"author":[{"embeddable":true,"href":"https:\/\/laponia.nu\/ls\/wp-json\/wp\/v2\/users\/1"}],"replies":[{"embeddable":true,"href":"https:\/\/laponia.nu\/ls\/wp-json\/wp\/v2\/comments?post=56925"}],"version-history":[{"count":9,"href":"https:\/\/laponia.nu\/ls\/wp-json\/wp\/v2\/pages\/56925\/revisions"}],"predecessor-version":[{"id":57140,"href":"https:\/\/laponia.nu\/ls\/wp-json\/wp\/v2\/pages\/56925\/revisions\/57140"}],"up":[{"embeddable":true,"href":"https:\/\/laponia.nu\/ls\/wp-json\/wp\/v2\/pages\/57079"}],"wp:attachment":[{"href":"https:\/\/laponia.nu\/ls\/wp-json\/wp\/v2\/media?parent=56925"}],"curies":[{"name":"wp","href":"https:\/\/api.w.org\/{rel}","templated":true}]}}