{"id":56976,"date":"2022-06-20T13:36:18","date_gmt":"2022-06-20T11:36:18","guid":{"rendered":"https:\/\/laponia.nu\/hajmma\/"},"modified":"2022-07-05T21:50:50","modified_gmt":"2022-07-05T19:50:50","slug":"hajmma","status":"publish","type":"page","link":"https:\/\/laponia.nu\/ls\/","title":{"rendered":"H\u00e4jmma"},"content":{"rendered":"    <section class=\"tre-puffar force-full-width\">\n                            <a href='https:\/\/laponia.nu\/varldsarvet\/nationalparker-och-naturreservat\/' target='_self' class=\"tre-puffar__objekt\" style=\"background-image: url('https:\/\/laponia.nu\/wp-content\/uploads\/2021\/06\/sarek_aug2014_foto_lapniatjuottjudus-scaled.jpg');\">\n                <p class=\"tre-puffar__objekt__rubrik fake-h2\">Suoddjimp\u00e1rka<\/p>\n                <p class=\"tre-puffar__objekt__beskrivning\">Guossida mij\u00e1 suoddjimp\u00e1rkajt ja luonndoreserv\u00e1htajt<\/p>\n                    <p class=\"tre-puffar__objekt__knapp\">\n                        <button class=\"btn btn-lg btn-white\" >L\u00e5g\u00e5 ienep<\/button>\n                    <\/p>\n            <\/a>\n                            <a href='https:\/\/laponia.nu\/naturum-2\/' target='_self' class=\"tre-puffar__objekt\" style=\"background-image: url('https:\/\/laponia.nu\/wp-content\/uploads\/2021\/06\/Sarek-20-kopia-scaled.jpg');\">\n                <p class=\"tre-puffar__objekt__rubrik fake-h2\">naturum Laponia<\/p>\n                <p class=\"tre-puffar__objekt__beskrivning\">\u00c5hpa v\u00e1rij, vuomij ja \u00e1bij birra. Tjuovo jahke\u00e1jgev ja g\u00e5k boatsoj la guovdatjin s\u00e1me kultuvrran. <\/p>\n                    <p class=\"tre-puffar__objekt__knapp\">\n                        <button class=\"btn btn-lg btn-white\" >L\u00e5g\u00e5 ienep<\/button>\n                    <\/p>\n            <\/a>\n                            <a href='https:\/\/laponia.nu\/om-oss\/' target='_self' class=\"tre-puffar__objekt\" style=\"background-image: url('https:\/\/laponia.nu\/wp-content\/uploads\/2016\/04\/Suorva_feb08-259_FullRes_CJUTSI-scaled.jpg');\">\n                <p class=\"tre-puffar__objekt__rubrik fake-h2\">Tjuottjudus<\/p>\n                <p class=\"tre-puffar__objekt__beskrivning\">Laponiatjuottjudus tjuottjuda Laponia v\u00e4r\u00e1lt\u00e1rbev.<\/p>\n                    <p class=\"tre-puffar__objekt__knapp\">\n                        <button class=\"btn btn-lg btn-white\" >L\u00e5g\u00e5 ienep<\/button>\n                    <\/p>\n            <\/a>\n         <\/section>\n<section class=\"nyheter force-full-width\">\n    <div class=\"container\">\n        <p class=\"small-heading\">Nyheter<\/p>\n        <div class=\"display-flex tablet-column justify-space-between\">\n                            <a href=\"https:\/\/laponia.nu\/ls\/nyheter\/skoterforbudsomraden-2\/\" class=\"no-link senaste-nyhet-link\">\n                    <div class=\"nyheter__senaste-nyhet\">\n                        <img decoding=\"async\" width=\"3840\" height=\"2561\" src=\"https:\/\/laponia.nu\/wp-content\/uploads\/2025\/02\/Ledkryss_foto_goranwallin_laponiatjuottjudus_700x467px-scaled.jpg\" class=\"attachment-post-thumbnail size-post-thumbnail wp-post-image\" alt=\"\" srcset=\"https:\/\/laponia.nu\/wp-content\/uploads\/2025\/02\/Ledkryss_foto_goranwallin_laponiatjuottjudus_700x467px-scaled.jpg 3840w, https:\/\/laponia.nu\/wp-content\/uploads\/2025\/02\/Ledkryss_foto_goranwallin_laponiatjuottjudus_700x467px-250x167.jpg 250w, https:\/\/laponia.nu\/wp-content\/uploads\/2025\/02\/Ledkryss_foto_goranwallin_laponiatjuottjudus_700x467px-700x467.jpg 700w, https:\/\/laponia.nu\/wp-content\/uploads\/2025\/02\/Ledkryss_foto_goranwallin_laponiatjuottjudus_700x467px-768x512.jpg 768w, https:\/\/laponia.nu\/wp-content\/uploads\/2025\/02\/Ledkryss_foto_goranwallin_laponiatjuottjudus_700x467px-1536x1025.jpg 1536w, https:\/\/laponia.nu\/wp-content\/uploads\/2025\/02\/Ledkryss_foto_goranwallin_laponiatjuottjudus_700x467px-2048x1366.jpg 2048w, https:\/\/laponia.nu\/wp-content\/uploads\/2025\/02\/Ledkryss_foto_goranwallin_laponiatjuottjudus_700x467px-120x80.jpg 120w\" sizes=\"(max-width: 3840px) 100vw, 3840px\" \/><div class='nyheter__senaste-nyhet__datum meta-datum'>2026-04-07<\/div><h3 class='nyheter__senaste-nyhet__titel'>Tillf\u00e4lliga skoterf\u00f6rbud i G\u00e4llivare och Jokkmokks kommuner 2026<\/h3>                        <p class=\"nyheter__senaste-nyhet__beskrivning\">Fr\u00e5n och med 7 april infaller skoterf\u00f6rbud med olika startdatum i G\u00e4llivare och Jokkmokks kommuner.&nbsp;Nedan&hellip;<\/p>\n                    <\/div>\n                <\/a>\n                        <div class=\"nyheter__tidigare-nyheter\">\n                <a class=\"no-link nyheter__tidigare-nyheter__objekt\" href=\"https:\/\/laponia.nu\/ls\/nyheter\/kurs-i-lagning-och-tillverkning-av-fiskent\/\">\n    <img decoding=\"async\" width=\"820\" height=\"312\" src=\"https:\/\/laponia.nu\/wp-content\/uploads\/2026\/03\/Natkurs-7.png\" class=\"attachment-post-thumbnail size-post-thumbnail wp-post-image\" alt=\"\" srcset=\"https:\/\/laponia.nu\/wp-content\/uploads\/2026\/03\/Natkurs-7.png 820w, https:\/\/laponia.nu\/wp-content\/uploads\/2026\/03\/Natkurs-7-250x95.png 250w, https:\/\/laponia.nu\/wp-content\/uploads\/2026\/03\/Natkurs-7-700x266.png 700w, https:\/\/laponia.nu\/wp-content\/uploads\/2026\/03\/Natkurs-7-768x292.png 768w, https:\/\/laponia.nu\/wp-content\/uploads\/2026\/03\/Natkurs-7-120x46.png 120w\" sizes=\"(max-width: 820px) 100vw, 820px\" \/>\n    <div class=\"nyheter__tidigare-nyheter__objekt__meta\">\n        <div class='nyheter__tidigare-nyheter__objekt__meta meta-datum'>2026-03-06<\/div><h3 class='nyheter__tidigare-nyheter__objekt__meta__titel'>Kurs i lagning och tillverkning av fisken\u00e4t<\/h3>    <\/div>\n    <p class=\"go-arrow\"><i class=\"far fa-arrow-right\"><\/i><\/p>\n<\/a>\n<a class=\"no-link nyheter__tidigare-nyheter__objekt\" href=\"https:\/\/laponia.nu\/ls\/nyheter\/rdedibme-2026\/\">\n    <img decoding=\"async\" width=\"820\" height=\"312\" src=\"https:\/\/laponia.nu\/wp-content\/uploads\/2026\/02\/Radedibme-6.png\" class=\"attachment-post-thumbnail size-post-thumbnail wp-post-image\" alt=\"\" srcset=\"https:\/\/laponia.nu\/wp-content\/uploads\/2026\/02\/Radedibme-6.png 820w, https:\/\/laponia.nu\/wp-content\/uploads\/2026\/02\/Radedibme-6-250x95.png 250w, https:\/\/laponia.nu\/wp-content\/uploads\/2026\/02\/Radedibme-6-700x266.png 700w, https:\/\/laponia.nu\/wp-content\/uploads\/2026\/02\/Radedibme-6-768x292.png 768w, https:\/\/laponia.nu\/wp-content\/uploads\/2026\/02\/Radedibme-6-120x46.png 120w\" sizes=\"(max-width: 820px) 100vw, 820px\" \/>\n    <div class=\"nyheter__tidigare-nyheter__objekt__meta\">\n        <div class='nyheter__tidigare-nyheter__objekt__meta meta-datum'>2026-02-09<\/div><h3 class='nyheter__tidigare-nyheter__objekt__meta__titel'>R\u00e1dedibme &#8211; att skapa nyfikenhet i naturum<\/h3>    <\/div>\n    <p class=\"go-arrow\"><i class=\"far fa-arrow-right\"><\/i><\/p>\n<\/a>\n<a class=\"no-link nyheter__tidigare-nyheter__objekt\" href=\"https:\/\/laponia.nu\/ls\/nyheter\/naturum-2\/\">\n    <img decoding=\"async\" src=\"https:\/\/laponia.nu\/wp-content\/uploads\/2025\/01\/naturum_Laponia_AkeEsonLindman-2.jpg\" class=\"attachment-post-thumbnail size-post-thumbnail wp-post-image\" alt=\"\" \/>\n    <div class=\"nyheter__tidigare-nyheter__objekt__meta\">\n        <div class='nyheter__tidigare-nyheter__objekt__meta meta-datum'>2026-01-16<\/div><h3 class='nyheter__tidigare-nyheter__objekt__meta__titel'>S\u00e4songsarbeta vid naturum Laponia!<\/h3>    <\/div>\n    <p class=\"go-arrow\"><i class=\"far fa-arrow-right\"><\/i><\/p>\n<\/a>\n            <\/div>\n        <\/div>\n        <div class=\"display-flex justify-center mt-m\">\n            <a href=\"https:\/\/laponia.nu\/nyheter\/\" class=\"btn btn-purple\">Se fler nyheter<\/a>\n        <\/div>\n    <\/div>\n<\/section><p class=\"small-heading\"><\/p>\n<div class=\"events_holder bred-layout\">\n\n            <p class=\"noevents\">\n            <i><\/i>\n        <\/p>\n    <\/div>\n<div class=\"allEventsBtn\">\n    <a href=\"https:\/\/laponia.nu\/event\" class=\"btn btn-purple\"> <i class=\"far fa-calendar-alt\"><\/i><\/a>\n<\/div>\n    <section class=\"circular-image-gallery\">\n        <div class=\"container\">\n            <div class=\"col-holder justify-space-between\">\n                <div class=\"col-40\">\n                    <div id=\"circles-container\">\n                        <input class=\"main-circle-photo-val\" type=\"hidden\" value=\"https:\/\/laponia.nu\/wp-content\/uploads\/2016\/05\/jonasvannar-150_miesse_hemsidan.jpg\">\n                        <div id=\"main-circle-content\"><\/div>\n                        <div id=\"circle\">\n                                                            <div class=\"min-circle ring-child-1\" data-inside=\"min-circle\">\n                                    <a href=\"https:\/\/laponia.nu\/wp-content\/uploads\/2022\/06\/LapT_StMuorke_juni19-254_2160px_CJUTSI-700x467.jpg\">\n                                        <img decoding=\"async\" src=\"https:\/\/laponia.nu\/wp-content\/uploads\/2022\/06\/LapT_StMuorke_juni19-254_2160px_CJUTSI-700x467.jpg\" alt=\"\">\n                                    <\/a>\n                                <\/div>\n                                                            <div class=\"min-circle ring-child-2\" data-inside=\"min-circle\">\n                                    <a href=\"https:\/\/laponia.nu\/wp-content\/uploads\/2022\/06\/AktseNjunnes_dec09-224_2000px_CJUTSI-700x467.jpg\">\n                                        <img decoding=\"async\" src=\"https:\/\/laponia.nu\/wp-content\/uploads\/2022\/06\/AktseNjunnes_dec09-224_2000px_CJUTSI-700x467.jpg\" alt=\"\">\n                                    <\/a>\n                                <\/div>\n                                                            <div class=\"min-circle ring-child-3\" data-inside=\"min-circle\">\n                                    <a href=\"https:\/\/laponia.nu\/wp-content\/uploads\/2022\/06\/Gaidum_Dievssa_sep2013-91-700x467.jpg\">\n                                        <img decoding=\"async\" src=\"https:\/\/laponia.nu\/wp-content\/uploads\/2022\/06\/Gaidum_Dievssa_sep2013-91-700x467.jpg\" alt=\"\">\n                                    <\/a>\n                                <\/div>\n                                                    <\/div>\n                    <\/div>\n                <\/div>\n                <div class=\"col-40\">\n                    <h2>Buorisboahtem mij\u00e1 ja v\u00e4r\u00e1lda \u00e1rbb\u00e1j<\/h2>\n<p lang=\"smj-SE\">Danna l mij\u00e1 hist\u00e5vr\u00e5 ja mij\u00e1 mujto.<\/p>\n<p lang=\"smj-SE\">Danna li \u00e5rromsaje ja guohtomednama.<\/p>\n<p lang=\"smj-SE\">Oabmevuobme, goasstejie\u014ba, v\u00e1re ja \u00e1be.<\/p>\n<p lang=\"smj-SE\">Luonndo ja s\u00e1me kultuvrra dag\u00e1j Laponia v\u00e4r\u00e1lt\u00e1rbb\u00e1j, \u00e1rbbe majt mij boahtte buolvajda siesstep. Degu l\u00e1jge vuoddagij de la luonndo ja kultuvrra tjadnaj l\u00e5ht\u00e5dum. Duv m\u00e1non danna de aj m\u00e1ht\u00e1 oasse sjaddat Laponian.<\/p>\n<p lang=\"smj-SE\">Buorisboahtem!<\/p>\n<p lang=\"smj-SE\">Bures boahtin!<\/p>\n                <\/div>\n            <\/div>\n        <\/div>\n    <\/section>\n\n\n<script src=\"https:\/\/laponia.nu\/wp-content\/themes\/laponia-theme\/jCircle.js\"><\/script>\n<script>\n    var circle = new jCircle({\n        'container': 'circles-container',\n        'circle': 'circle',\n        'mainContent': 'main-circle-content',\n        'animateCircles': false,\n        'speed': 3,\n        'mainViewStyle': 'normal',\n        'minCirclesEffectOver': 'pulse',\n        'contentType': 'images',\n        'stopOnOverMain': false,\n        'mainContentOverAction': 'normal'\n    });\n\n    circle.create();\n<\/script>\n\n\n<style>\n\n<\/style>\n<div class=\"wp-block-columns is-layout-flex wp-container-core-columns-is-layout-9d6595d7 wp-block-columns-is-layout-flex\">\n<div class=\"wp-block-column is-layout-flow wp-block-column-is-layout-flow\" style=\"flex-basis:66.66%\"><div class=\"cff-wrapper\">\t<div id=\"cff-visual-header-1520178398270097\" class=\"cff-visual-header cff-has-name cff-has-about\">\n\t\t\t\t\t\t<div class=\"cff-header-inner-wrap\">\n\t\t\t\t\t\t<div class=\"cff-header-text\" >\n\n\t\t\t\t\t\t\t<a href=\"https:\/\/facebook.com\/1520178398270097\" target=\"_blank\" rel=\"nofollow noopener\" title=\"\" class=\"cff-header-name\"><h3 style=\"font-size:inheritpx;\"><\/h3><\/a>\n\t\t\t\t\t\t\t\t\t\t\t\t<\/div>\n\t\t<\/div>\n\t<\/div>\n<div class=\"cff-wrapper-ctn \" ><div id=\"cff\"  class=\"cff cff-list-container  cff-default-styles  cff-mob-cols-1 cff-tab-cols-1\"   style=\"width:100%;\"   data-char=\"400\" ><div class=\"cff-error-msg\">\n\t<div>\n\t\t<i class=\"fa fa-lock\" aria-hidden=\"true\" style=\"margin-right: 5px;\"><\/i><b>This message is only visible to admins.<\/b><br\/>\n\t\tProblem displaying Facebook posts. Backup cache in use.\t\t\t\t\t<br\/><a href=\"javascript:void(0);\" id=\"cff-show-error\" onclick=\"cffShowError()\">Click to show error<\/a>\n\t\t\t<script type=\"text\/javascript\">function cffShowError() { document.getElementById(\"cff-error-reason\").style.display = \"block\"; document.getElementById(\"cff-show-error\").style.display = \"none\"; }<\/script>\n\t\t\t<\/div>\n\t\t\t<div id=\"cff-error-reason\">\n\t\t\t\t\t\t\t\t\t<b>Error:<\/b> Error validating access token: The session has been invalidated because the user changed their password or Facebook has changed the session for security reasons.\t\t\t\t\t\t\t\t\t\t\t\t\t<b>Type:<\/b> OAuthException\t\t\t\t\t\t\t\t\t\t\t\t\t\t\t\t\t\t\t\t\t\t\t\t\t\t\t\t\n\t\t\t<\/div>\n\t\t\t\t\n<\/div>\n<div class=\"cff-posts-wrap\">\n<div class=\"cff-likebox cff-bottom\" >\n\t\t<iframe title=\"Likebox Iframe\" src=\"\" class=\"fb_iframe_widget\" data-likebox-id=\"1520178398270097\" data-likebox-width=\"300\" data-likebox-header=\"\" data-hide-cover=\"\" data-hide-cta=\"\" data-likebox-faces=\"\" data-height=\"130\" data-locale=\"en_US\" scrolling=\"no\" allowTransparency=\"true\" allow=\"encrypted-media\" ><\/iframe>\n<\/div>\n<\/div><input class=\"cff-pag-url\" type=\"hidden\" data-locatornonce=\"2607875ec5\" data-cff-shortcode=\"{&quot;feed&quot;: &quot;1&quot;}\" data-post-id=\"56976\" data-feed-id=\"1520178398270097\"><\/div><\/div><div class=\"cff-clear\"><\/div><\/div><\/div>\n\n\n\n<div class=\"wp-block-column is-layout-flow wp-block-column-is-layout-flow\" style=\"flex-basis:33.33%\"><\/div>\n<\/div>\n","protected":false},"excerpt":{"rendered":"","protected":false},"author":1,"featured_media":52579,"parent":0,"menu_order":0,"comment_status":"closed","ping_status":"closed","template":"","meta":{"_acf_changed":false,"om_disable_all_campaigns":false,"_monsterinsights_skip_tracking":false,"_monsterinsights_sitenote_active":false,"_monsterinsights_sitenote_note":"","_monsterinsights_sitenote_category":0,"footnotes":""},"class_list":["post-56976","page","type-page","status-publish","has-post-thumbnail","hentry"],"acf":[],"_links":{"self":[{"href":"https:\/\/laponia.nu\/ls\/wp-json\/wp\/v2\/pages\/56976","targetHints":{"allow":["GET"]}}],"collection":[{"href":"https:\/\/laponia.nu\/ls\/wp-json\/wp\/v2\/pages"}],"about":[{"href":"https:\/\/laponia.nu\/ls\/wp-json\/wp\/v2\/types\/page"}],"author":[{"embeddable":true,"href":"https:\/\/laponia.nu\/ls\/wp-json\/wp\/v2\/users\/1"}],"replies":[{"embeddable":true,"href":"https:\/\/laponia.nu\/ls\/wp-json\/wp\/v2\/comments?post=56976"}],"version-history":[{"count":6,"href":"https:\/\/laponia.nu\/ls\/wp-json\/wp\/v2\/pages\/56976\/revisions"}],"predecessor-version":[{"id":57175,"href":"https:\/\/laponia.nu\/ls\/wp-json\/wp\/v2\/pages\/56976\/revisions\/57175"}],"wp:featuredmedia":[{"embeddable":true,"href":"https:\/\/laponia.nu\/ls\/wp-json\/wp\/v2\/media\/52579"}],"wp:attachment":[{"href":"https:\/\/laponia.nu\/ls\/wp-json\/wp\/v2\/media?parent=56976"}],"curies":[{"name":"wp","href":"https:\/\/api.w.org\/{rel}","templated":true}]}}