{"id":56982,"date":"2022-06-20T13:58:18","date_gmt":"2022-06-20T11:58:18","guid":{"rendered":"https:\/\/laponia.nu\/aktavuohta\/"},"modified":"2022-07-05T21:53:00","modified_gmt":"2022-07-05T19:53:00","slug":"aktavuohta","status":"publish","type":"page","link":"https:\/\/laponia.nu\/ls\/aktavuohta\/","title":{"rendered":"Aktavuohta"},"content":{"rendered":"\n<div class=\"wp-block-columns is-layout-flex wp-container-core-columns-is-layout-9d6595d7 wp-block-columns-is-layout-flex\">\n<div class=\"wp-block-column is-layout-flow wp-block-column-is-layout-flow\" style=\"flex-basis:66.66%\">\n<h1 class=\"wp-block-heading\">Valde aktavuodav mij\u00e1jn!<\/h1>\n\n\n\n<p><p lang=\"smj-SE\"><span style=\"color: #222222;\"><span style=\"font-family: Open Sans, sans-serif;\"><span style=\"font-size: small;\">Laponiatjuottjudus la b\u00e1jk\u00e1lasj tjuottjudusorganisasj\u00e5vnn\u00e5 mij bargg\u00e1 n\u00e5v m\u00e4rr\u00e1dus\u00e1 b\u00e5hti n\u00e5v lahka g\u00e5 m\u00e1httelis dajt gudi dasi guosski.<\/span><\/span><\/span><\/p>&#13;\n<p lang=\"smj-SE\"><span style=\"color: #222222;\"><span style=\"font-family: Open Sans, sans-serif;\"><span style=\"font-size: small;\">Valde aktavuodav mij\u00e1jn jus dujna li \u00e1j\u00e1dallama tjuottjudus\u00e1 birra. Jus ij diede gejna v\u00e1lldet aktavuodav de skuolka duostudahkaj de s\u00e5n duv viehket.<\/span><\/span><\/span><\/p><\/p>\n\n\n<section id=\"hitta-snabbt-section\">\n    <div id=\"informationspuff-block_612f67a753a0d\" class=\"hitta-snabbt-puffar is-link1-puff informationspuff\">\n                <div class=\"no-link hitta-snabbt-puffar__puff informationspuff\" style=\"box-shadow: 0px -10px 0px #3A3936;; background-color: #E4DED8\">\n                        <div class='informationspuff__content'>\n                                    <div class=\"content-full\">\n                        <h4>Duostudahka<\/h4>\n<p>Duostudahka: <a href=\"tel:+46 (0)971-55 500\">+46 (0)971-55 500<\/a><br \/>\n<a href=\"mailto:info@laponia.nu\">info@laponia.nu<\/a><\/p>\n                    <\/div>\n                \n                                            <\/div>\n        <\/div>\n    <\/div>\n<\/section>\n\n<style>\n    \/* G\u00f6r s\u00e5 att b\u00e5de <a> taggen, samt den puff som \u00e4r en <div> har korrekt f\u00e4rg f\u00f6r l\u00e4nktext *\/\n    #informationspuff-block_612f67a753a0d.is-link-puff {\n        color: #3A3936;;\n    }\n\n    #informationspuff-block_612f67a753a0d.is-link-puff p {\n        color: black;\n    }\n<\/style>\n\n<section id=\"hitta-snabbt-section\">\n    <div id=\"informationspuff-block_612f67a753a0e\" class=\"hitta-snabbt-puffar is-link1-puff informationspuff\">\n                <div class=\"no-link hitta-snabbt-puffar__puff informationspuff\" style=\"box-shadow: 0px -10px 0px #465151; background-color: #DCE4D4\">\n                        <div class='informationspuff__content'>\n                                    <div class=\"content-full\">\n                        <h4>Guossidim- ja poasttaadreassa<\/h4>\n<p>Laponiatjuottjudus<br \/>\nKvarnbogatan 11<br \/>\n962 32 J\u00e5hk\u00e5m\u00e5hkke<br \/>\nSvierik<\/p>\n                    <\/div>\n                \n                                            <\/div>\n        <\/div>\n    <\/div>\n<\/section>\n\n<style>\n    \/* G\u00f6r s\u00e5 att b\u00e5de <a> taggen, samt den puff som \u00e4r en <div> har korrekt f\u00e4rg f\u00f6r l\u00e4nktext *\/\n    #informationspuff-block_612f67a753a0e.is-link-puff {\n        color: #465151;\n    }\n\n    #informationspuff-block_612f67a753a0e.is-link-puff p {\n        color: black;\n    }\n<\/style>\n\n<section id=\"hitta-snabbt-section\">\n    <div id=\"informationspuff-block_612f67a753a0f\" class=\"hitta-snabbt-puffar is-link1-puff informationspuff\">\n                <div class=\"no-link hitta-snabbt-puffar__puff informationspuff\" style=\"box-shadow: 0px -10px 0px #413537; background-color: #E5D9DB\">\n                        <div class='informationspuff__content'>\n                                    <div class=\"content-full\">\n                        <h4>Naturum Laponia<\/h4>\n<p>Tel: <a href=\"tel:+46 (0)973-220 20\">+46 (0)973-220 20<\/a><br \/>\n<a href=\"mailto:naturum@laponia.nu\">naturum@laponia.nu<\/a><\/p>\n                    <\/div>\n                \n                                            <\/div>\n        <\/div>\n    <\/div>\n<\/section>\n\n<style>\n    \/* G\u00f6r s\u00e5 att b\u00e5de <a> taggen, samt den puff som \u00e4r en <div> har korrekt f\u00e4rg f\u00f6r l\u00e4nktext *\/\n    #informationspuff-block_612f67a753a0f.is-link-puff {\n        color: #413537;\n    }\n\n    #informationspuff-block_612f67a753a0f.is-link-puff p {\n        color: black;\n    }\n<\/style>\n\n\n<div class=\"wp-block-columns is-layout-flex wp-container-core-columns-is-layout-9d6595d7 wp-block-columns-is-layout-flex\">\n<div class=\"wp-block-column is-layout-flow wp-block-column-is-layout-flow\"><\/div>\n<\/div>\n<\/div>\n\n\n\n<div class=\"wp-block-column is-layout-flow wp-block-column-is-layout-flow\" style=\"flex-basis:33.33%\"><section id=\"hitta-snabbt-section\">\n    <div id=\"informationspuff-block_612f67a753a10\" class=\"hitta-snabbt-puffar is-link1-puff informationspuff\">\n                <div class=\"no-link hitta-snabbt-puffar__puff informationspuff\" style=\"box-shadow: 0px -10px 0px #223152; background-color: #EAF0FF\">\n                        <div class='informationspuff__content'>\n                                    <div class=\"content-full\">\n                        <h4 lang=\"smj-SE\">Le gus Laponiav guossidime?<\/h4>\n<p lang=\"smj-SE\">Sid\u00e1 diehtet ienep Laponia birra \u00e5vdd\u00e5l g\u00e5 mij\u00e1v guossida. Valde aktavuodav turisstad\u00e5jmadgajn J\u00e5hk\u00e5m\u00e5hken jali V\u00e1htjerin. Da divnajt diehti, g\u00e5nn\u00e5 m\u00e1ht\u00e1 \u00e5rrot ja mij g\u00e1vnnu dahkat g\u00e5 la d\u00e1hppe.<\/p>\n<p><strong><span style=\"color: #222222;\"><span style=\"font-family: Open Sans, sans-serif;\"><span style=\"font-size: small;\"><b>JIELLEV\u00c1RRE TURISTCENTER<\/b><\/span><\/span><\/span><\/strong><span style=\"color: #222222;\"><span style=\"font-family: Open Sans, sans-serif;\"><span style=\"font-size: small;\"><br \/>\nTel: +46 (0)970-102 20<br \/>\n<a>info@visitgallivare.se<\/a><br \/>\n<a href=\"http:\/\/visitgallivare.se\/\" target=\"_blank\" rel=\"noopener\">visitgallivare.se<\/a><\/span><\/span><\/span><\/p>\n<p lang=\"smj-SE\"><strong><span style=\"color: #222222;\"><span style=\"font-family: Open Sans, sans-serif;\"><span style=\"font-size: small;\"><b>JOKKMOKKS INFOCENTER<\/b><\/span><\/span><\/span><\/strong><span style=\"color: #222222;\"><span style=\"font-family: Open Sans, sans-serif;\"><span style=\"font-size: small;\"><br \/>\nTel: +46 (0)971-222 50<br \/>\n<a>infocenter@jokkmokk.se\u00a0<\/a><br \/>\n<a href=\"http:\/\/www.jokkmokk.se\/turism\" target=\"_blank\" rel=\"noopener\">www.jokkmokk.se\/turism<\/a><\/span><\/span><\/span><\/p>\n                    <\/div>\n                \n                                            <\/div>\n        <\/div>\n    <\/div>\n<\/section>\n\n<style>\n    \/* G\u00f6r s\u00e5 att b\u00e5de <a> taggen, samt den puff som \u00e4r en <div> har korrekt f\u00e4rg f\u00f6r l\u00e4nktext *\/\n    #informationspuff-block_612f67a753a10.is-link-puff {\n        color: #223152;\n    }\n\n    #informationspuff-block_612f67a753a10.is-link-puff p {\n        color: black;\n    }\n<\/style><\/div>\n<\/div>\n\n<div class=\"wp-block-columns is-layout-flex wp-container-core-columns-is-layout-9d6595d7 wp-block-columns-is-layout-flex\">\n<div class=\"wp-block-column is-layout-flow wp-block-column-is-layout-flow\"><\/div>\n\n\n\n<div class=\"wp-block-column is-layout-flow wp-block-column-is-layout-flow\"><\/div>\n<\/div>\n\n<div class=\"wp-block-media-text alignwide is-stacked-on-mobile\" style=\"grid-template-columns:25% auto\"><figure class=\"wp-block-media-text__media\"><img decoding=\"async\" width=\"400\" height=\"270\" src=\"https:\/\/laponia.noboxdesign.se\/wp-content\/uploads\/2015\/05\/Asa_400px_Laponiatjuottjudus_CJUTSI1.jpg\" alt=\"\" class=\"wp-image-53913 size-full\" srcset=\"https:\/\/laponia.nu\/wp-content\/uploads\/2015\/05\/Asa_400px_Laponiatjuottjudus_CJUTSI1.jpg 400w, https:\/\/laponia.nu\/wp-content\/uploads\/2015\/05\/Asa_400px_Laponiatjuottjudus_CJUTSI1-250x169.jpg 250w, https:\/\/laponia.nu\/wp-content\/uploads\/2015\/05\/Asa_400px_Laponiatjuottjudus_CJUTSI1-120x81.jpg 120w\" sizes=\"(max-width: 400px) 100vw, 400px\" \/><\/figure><div class=\"wp-block-media-text__content\">\n<p class=\"has-medium-font-size\"><strong>\u00c5sa Nordin Jonsson<\/strong><\/p>\n\n\n\n<p class=\"has-medium-font-size\">V\u00e4r\u00e1lt\u00e1rbbeoajvve<\/p>\n\n\n\n<p class=\"has-medium-font-size\">asa.nordin-jonsson@laponia.nu<\/p>\n\n\n\n<p class=\"has-medium-font-size\">+46 72 561 10 31<\/p>\n<\/div><\/div>\n\n<div class=\"wp-block-media-text alignwide is-stacked-on-mobile\" style=\"grid-template-columns:25% auto\"><figure class=\"wp-block-media-text__media\"><img decoding=\"async\" width=\"400\" height=\"270\" src=\"https:\/\/laponia.noboxdesign.se\/wp-content\/uploads\/2015\/05\/anderssandstrom_laponiatjuottjudus_400px_270px_CJUTSI.jpg\" alt=\"\" class=\"wp-image-53949 size-full\" srcset=\"https:\/\/laponia.nu\/wp-content\/uploads\/2015\/05\/anderssandstrom_laponiatjuottjudus_400px_270px_CJUTSI.jpg 400w, https:\/\/laponia.nu\/wp-content\/uploads\/2015\/05\/anderssandstrom_laponiatjuottjudus_400px_270px_CJUTSI-250x169.jpg 250w, https:\/\/laponia.nu\/wp-content\/uploads\/2015\/05\/anderssandstrom_laponiatjuottjudus_400px_270px_CJUTSI-120x81.jpg 120w\" sizes=\"(max-width: 400px) 100vw, 400px\" \/><\/figure><div class=\"wp-block-media-text__content\">\n<p class=\"has-medium-font-size\"><strong>Anders Sandstr\u00f6m<\/strong><\/p>\n\n\n\n<p class=\"has-medium-font-size\">Giehtadalle \u00e5bmudaksujtto&#13;\nG\u00e1htt\u00e1r<\/p>\n\n\n\n<p class=\"has-medium-font-size\">anders.sandstrom@laponia.nu<\/p>\n\n\n\n<p class=\"has-medium-font-size\">+46 72 587 51 40<\/p>\n<\/div><\/div>\n\n<div class=\"wp-block-media-text alignwide is-stacked-on-mobile\" style=\"grid-template-columns:25% auto\"><figure class=\"wp-block-media-text__media\"><img decoding=\"async\" width=\"400\" height=\"270\" src=\"https:\/\/laponia.noboxdesign.se\/wp-content\/uploads\/2015\/05\/Anna_400px_CJUTSI.jpg\" alt=\"\" class=\"wp-image-53905 size-full\" srcset=\"https:\/\/laponia.nu\/wp-content\/uploads\/2015\/05\/Anna_400px_CJUTSI.jpg 400w, https:\/\/laponia.nu\/wp-content\/uploads\/2015\/05\/Anna_400px_CJUTSI-250x169.jpg 250w, https:\/\/laponia.nu\/wp-content\/uploads\/2015\/05\/Anna_400px_CJUTSI-120x81.jpg 120w\" sizes=\"(max-width: 400px) 100vw, 400px\" \/><\/figure><div class=\"wp-block-media-text__content\">\n<p class=\"has-medium-font-size\"><strong>Anna Rimpi <\/strong><\/p>\n\n\n\n<p class=\"has-medium-font-size\">Giehtadalle kultuvrrabir\u00e1ssujtto<\/p>\n\n\n\n<p class=\"has-medium-font-size\">anna.rimpi@laponia.nu<\/p>\n\n\n\n<p class=\"has-medium-font-size\">+46 72 587 51 41<\/p>\n<\/div><\/div>\n\n<div class=\"wp-block-media-text alignwide is-stacked-on-mobile\" style=\"grid-template-columns:25% auto\"><figure class=\"wp-block-media-text__media\"><img decoding=\"async\" width=\"400\" height=\"270\" src=\"https:\/\/laponia.noboxdesign.se\/wp-content\/uploads\/2015\/05\/saraholmgren_laponiatjuottjudus_400px_270px_CJUTSI.jpg\" alt=\"\" class=\"wp-image-53969 size-full\" srcset=\"https:\/\/laponia.nu\/wp-content\/uploads\/2015\/05\/saraholmgren_laponiatjuottjudus_400px_270px_CJUTSI.jpg 400w, https:\/\/laponia.nu\/wp-content\/uploads\/2015\/05\/saraholmgren_laponiatjuottjudus_400px_270px_CJUTSI-250x169.jpg 250w, https:\/\/laponia.nu\/wp-content\/uploads\/2015\/05\/saraholmgren_laponiatjuottjudus_400px_270px_CJUTSI-120x81.jpg 120w\" sizes=\"(max-width: 400px) 100vw, 400px\" \/><\/figure><div class=\"wp-block-media-text__content\">\n<p class=\"has-medium-font-size\"><strong>Sara Holmgren<\/strong><\/p>\n\n\n\n<p class=\"has-medium-font-size\">Ekonoma <\/p>\n\n\n\n<p class=\"has-medium-font-size\">sara.holmgren@laponia.nu<\/p>\n\n\n\n<p class=\"has-medium-font-size\">+46 72 587 61 63<\/p>\n<\/div><\/div>\n\n<div class=\"wp-block-media-text alignwide is-stacked-on-mobile\" style=\"grid-template-columns:25% auto\"><figure class=\"wp-block-media-text__media\"><img decoding=\"async\" width=\"700\" height=\"1026\" src=\"https:\/\/laponia.nu\/wp-content\/uploads\/2022\/04\/Lise-Lott-7-700x1026.jpg\" alt=\"\" class=\"wp-image-56673 size-full\" srcset=\"https:\/\/laponia.nu\/wp-content\/uploads\/2022\/04\/Lise-Lott-7-700x1026.jpg 700w, https:\/\/laponia.nu\/wp-content\/uploads\/2022\/04\/Lise-Lott-7-250x366.jpg 250w, https:\/\/laponia.nu\/wp-content\/uploads\/2022\/04\/Lise-Lott-7-768x1125.jpg 768w, https:\/\/laponia.nu\/wp-content\/uploads\/2022\/04\/Lise-Lott-7-1048x1536.jpg 1048w, https:\/\/laponia.nu\/wp-content\/uploads\/2022\/04\/Lise-Lott-7-scaled.jpg 1398w, https:\/\/laponia.nu\/wp-content\/uploads\/2022\/04\/Lise-Lott-7-120x176.jpg 120w\" sizes=\"(max-width: 700px) 100vw, 700px\" \/><\/figure><div class=\"wp-block-media-text__content\">\n<p class=\"has-medium-font-size\"><strong>Lise-Lott Larsson Auna<\/strong><\/p>\n\n\n\n<p class=\"has-medium-font-size\">Naturumtjuottjodiddje <\/p>\n\n\n\n<p class=\"has-medium-font-size\">lise-lott.larsson-auna@laponia.nu<\/p>\n\n\n\n<p class=\"has-medium-font-size\">+46 72 587 61 62<\/p>\n<\/div><\/div>\n\n<div class=\"wp-block-media-text alignwide is-stacked-on-mobile\" style=\"grid-template-columns:25% auto\"><figure class=\"wp-block-media-text__media\"><img decoding=\"async\" width=\"700\" height=\"467\" src=\"https:\/\/laponia.nu\/wp-content\/uploads\/2022\/06\/Leila_N_Pakko_juni22_261_2160px_CJUTSI-700x467.jpg\" alt=\"\" class=\"wp-image-57035 size-full\" srcset=\"https:\/\/laponia.nu\/wp-content\/uploads\/2022\/06\/Leila_N_Pakko_juni22_261_2160px_CJUTSI-700x467.jpg 700w, https:\/\/laponia.nu\/wp-content\/uploads\/2022\/06\/Leila_N_Pakko_juni22_261_2160px_CJUTSI-250x167.jpg 250w, https:\/\/laponia.nu\/wp-content\/uploads\/2022\/06\/Leila_N_Pakko_juni22_261_2160px_CJUTSI-768x512.jpg 768w, https:\/\/laponia.nu\/wp-content\/uploads\/2022\/06\/Leila_N_Pakko_juni22_261_2160px_CJUTSI-120x80.jpg 120w, https:\/\/laponia.nu\/wp-content\/uploads\/2022\/06\/Leila_N_Pakko_juni22_261_2160px_CJUTSI.jpg 1500w\" sizes=\"(max-width: 700px) 100vw, 700px\" \/><\/figure><div class=\"wp-block-media-text__content\">\n<p class=\"has-medium-font-size\"><strong>Leila Nutti<\/strong><\/p>\n\n\n\n<p class=\"has-medium-font-size\">Giehtadalle s\u00e1mekultuvrra ja boatsoj\u00e4ladus<\/p>\n\n\n\n<p class=\"has-medium-font-size\">leila.nutti@laponia.nu<\/p>\n\n\n\n<p class=\"has-medium-font-size\">+46 72 587 51 78<\/p>\n<\/div><\/div>\n\n<div class=\"wp-block-media-text alignwide is-stacked-on-mobile\" style=\"grid-template-columns:25% auto\"><figure class=\"wp-block-media-text__media\"><img decoding=\"async\" width=\"700\" height=\"700\" src=\"https:\/\/laponia.nu\/wp-content\/uploads\/2022\/06\/IMG_4367-700x700.jpg\" alt=\"Carl-Johan Utsi\" class=\"wp-image-56771 size-full\" srcset=\"https:\/\/laponia.nu\/wp-content\/uploads\/2022\/06\/IMG_4367-700x700.jpg 700w, https:\/\/laponia.nu\/wp-content\/uploads\/2022\/06\/IMG_4367-250x250.jpg 250w, https:\/\/laponia.nu\/wp-content\/uploads\/2022\/06\/IMG_4367-150x150.jpg 150w, https:\/\/laponia.nu\/wp-content\/uploads\/2022\/06\/IMG_4367-768x768.jpg 768w, https:\/\/laponia.nu\/wp-content\/uploads\/2022\/06\/IMG_4367-1536x1536.jpg 1536w, https:\/\/laponia.nu\/wp-content\/uploads\/2022\/06\/IMG_4367-740x740.jpg 740w, https:\/\/laponia.nu\/wp-content\/uploads\/2022\/06\/IMG_4367-120x120.jpg 120w, https:\/\/laponia.nu\/wp-content\/uploads\/2022\/06\/IMG_4367.jpg 2041w\" sizes=\"(max-width: 700px) 100vw, 700px\" \/><\/figure><div class=\"wp-block-media-text__content\">\n<p class=\"has-medium-font-size\"><strong>Carl-Johan Utsi<\/strong><\/p>\n\n\n\n<p class=\"has-medium-font-size\">Giehtadalle kommunikasj\u00e5vnn\u00e5<\/p>\n\n\n\n<p>carl-johan.utsi@laponia.nu<\/p>\n\n\n\n<p>+46 72 587 61 08<\/p>\n<\/div><\/div>\n\n<div class=\"wp-block-columns is-layout-flex wp-container-core-columns-is-layout-9d6595d7 wp-block-columns-is-layout-flex\">\n<div class=\"wp-block-column is-layout-flow wp-block-column-is-layout-flow\">\n<div class=\"wp-block-columns is-layout-flex wp-container-core-columns-is-layout-9d6595d7 wp-block-columns-is-layout-flex\">\n<div class=\"wp-block-column is-layout-flow wp-block-column-is-layout-flow\" style=\"flex-basis:100%\"><\/div>\n<\/div>\n\n\n\n<p><\/p>\n\n\n\n<p><\/p>\n\n\n\n<p><\/p>\n<\/div>\n<\/div>\n\n<p><\/p>\n","protected":false},"excerpt":{"rendered":"<p>Valde aktavuodav mij\u00e1jn! Laponiatjuottjudus la b\u00e1jk\u00e1lasj tjuottjudusorganisasj\u00e5vnn\u00e5 mij bargg\u00e1 n\u00e5v m\u00e4rr\u00e1dus\u00e1 b\u00e5hti n\u00e5v lahka g\u00e5 m\u00e1httelis dajt gudi dasi guosski. &#13; Valde aktavuodav mij\u00e1jn jus&#8230;<\/p>\n","protected":false},"author":1,"featured_media":0,"parent":0,"menu_order":0,"comment_status":"open","ping_status":"open","template":"","meta":{"_acf_changed":false,"om_disable_all_campaigns":false,"_monsterinsights_skip_tracking":false,"_monsterinsights_sitenote_active":false,"_monsterinsights_sitenote_note":"","_monsterinsights_sitenote_category":0,"footnotes":""},"class_list":["post-56982","page","type-page","status-publish","hentry"],"acf":[],"_links":{"self":[{"href":"https:\/\/laponia.nu\/ls\/wp-json\/wp\/v2\/pages\/56982","targetHints":{"allow":["GET"]}}],"collection":[{"href":"https:\/\/laponia.nu\/ls\/wp-json\/wp\/v2\/pages"}],"about":[{"href":"https:\/\/laponia.nu\/ls\/wp-json\/wp\/v2\/types\/page"}],"author":[{"embeddable":true,"href":"https:\/\/laponia.nu\/ls\/wp-json\/wp\/v2\/users\/1"}],"replies":[{"embeddable":true,"href":"https:\/\/laponia.nu\/ls\/wp-json\/wp\/v2\/comments?post=56982"}],"version-history":[{"count":17,"href":"https:\/\/laponia.nu\/ls\/wp-json\/wp\/v2\/pages\/56982\/revisions"}],"predecessor-version":[{"id":57178,"href":"https:\/\/laponia.nu\/ls\/wp-json\/wp\/v2\/pages\/56982\/revisions\/57178"}],"wp:attachment":[{"href":"https:\/\/laponia.nu\/ls\/wp-json\/wp\/v2\/media?parent=56982"}],"curies":[{"name":"wp","href":"https:\/\/api.w.org\/{rel}","templated":true}]}}