{"id":57079,"date":"2022-07-04T14:26:05","date_gmt":"2022-07-04T12:26:05","guid":{"rendered":"https:\/\/laponia.nu\/suoddjimparka-ja-luonndoreservahta\/"},"modified":"2022-07-05T22:15:19","modified_gmt":"2022-07-05T20:15:19","slug":"suoddjimparka-ja-luonndoreservahta","status":"publish","type":"page","link":"https:\/\/laponia.nu\/ls\/suoddjimparka-ja-luonndoreservahta\/","title":{"rendered":"Suoddjimp\u00e1rka ja luonndoreserv\u00e1hta"},"content":{"rendered":"\n<div class=\"wp-block-columns is-layout-flex wp-container-core-columns-is-layout-9d6595d7 wp-block-columns-is-layout-flex\">\n<div class=\"wp-block-column is-layout-flow wp-block-column-is-layout-flow\" style=\"flex-basis:66.66%\">\n<div class=\"wp-block-columns is-layout-flex wp-container-core-columns-is-layout-9d6595d7 wp-block-columns-is-layout-flex\">\n<div class=\"wp-block-column is-layout-flow wp-block-column-is-layout-flow\">\n<p>D\u00e1b\u00e1lamos vuohke Svierigin suoddjit mij\u00e1 ednamijt la \u00e1sadit luonndoreserv\u00e1htajt. Nannusamos suodje la dahkat ednamijt suoddjimp\u00e1rkan. Niellje Svieriga 30 suoddjimp\u00e1rka li Laponian. Da li Sarek, Badjel\u00e1nnda, Muttus ja Stuor Muorkke suoddjimp\u00e1rka. <\/p>\n\n\n\n<p>Dan lass\u00e1j la v\u00e4r\u00e1lt\u00e1rben aj Sj\u00e1vnja ja Stubb\u00e1 luonndoreserv\u00e1hta, ja Tjuoldavuobme, R\u00e1hpa\u00e4no suorgudahka ja sulid\u00e4lbm\u00e1. Aktan d\u00e1 b\u00e1jke g\u00e5bttji vuomijt, v\u00e1rijt ja \u00e1bijt, 9 400 kvadr\u00e1httakilometera J\u00e5hk\u00e5m\u00e5hkke ja V\u00e1htjer komuvnan.<\/p>\n<\/div>\n<\/div>\n\n\n    <section id=\"kollage-section \">\n    <p class=\"small-heading\">Nationalparker<\/p>\n            <div id=\"kollage-block_60c71f8e61822\" class=\"kollage-puffar  kollage\">\n                        <a class=\"no-link kollage-puffar__puff normal\" href=\"https:\/\/laponia.nu\/varldsarvet\/nationalparker-och-naturreservat\/sarek\/\">\n                <div class=\"kollage-puffar__puff__content\" style=\"background-image: url('https:\/\/laponia.nu\/wp-content\/uploads\/2016\/03\/sarek_delta_aug2014-65_1180px_Laponiatjuottjudus.jpg');\">\n                    <p class=\"kollage-puffar__puff__content__ikon\"><\/p>\n                    <div class=\"display-flex\">\n                        <p class=\"kollage-puffar__puff__content__rubrik color-white\">\n                            Sarek                        <\/p>\n                        <p class=\"kollage-puffar__puff__content__pil ml-auto\"><i class=\"far fa-arrow-right\"><\/i><\/p>\n                    <\/div>\n                <\/div>\n                            <\/a>\n                        <a class=\"no-link kollage-puffar__puff normal\" href=\"https:\/\/laponia.nu\/varldsarvet\/nationalparker-och-naturreservat\/muttos\/\">\n                <div class=\"kollage-puffar__puff__content\" style=\"background-image: url('https:\/\/laponia.nu\/wp-content\/uploads\/2014\/09\/invigning_entre_muddusmuttos_elango00009-scaled.jpg');\">\n                    <p class=\"kollage-puffar__puff__content__ikon\"><\/p>\n                    <div class=\"display-flex\">\n                        <p class=\"kollage-puffar__puff__content__rubrik color-white\">\n                            Muttos                        <\/p>\n                        <p class=\"kollage-puffar__puff__content__pil ml-auto\"><i class=\"far fa-arrow-right\"><\/i><\/p>\n                    <\/div>\n                <\/div>\n                            <\/a>\n                        <a class=\"no-link kollage-puffar__puff normal\" href=\"https:\/\/laponia.nu\/varldsarvet\/nationalparker-och-naturreservat\/badjelannda\/\">\n                <div class=\"kollage-puffar__puff__content\" style=\"background-image: url('https:\/\/laponia.nu\/wp-content\/uploads\/2014\/09\/laddejahka_Badjelanndaleden_FotoHO-Utsi.jpg');\">\n                    <p class=\"kollage-puffar__puff__content__ikon\"><\/p>\n                    <div class=\"display-flex\">\n                        <p class=\"kollage-puffar__puff__content__rubrik color-white\">\n                            Badjel\u00e1nnda                        <\/p>\n                        <p class=\"kollage-puffar__puff__content__pil ml-auto\"><i class=\"far fa-arrow-right\"><\/i><\/p>\n                    <\/div>\n                <\/div>\n                            <\/a>\n                        <a class=\"no-link kollage-puffar__puff normal\" href=\"https:\/\/laponia.nu\/varldsarvet\/nationalparker-och-naturreservat\/stuor-muorkke\/\">\n                <div class=\"kollage-puffar__puff__content\" style=\"background-image: url('https:\/\/laponia.nu\/wp-content\/uploads\/2014\/09\/stuormuorkke_jun2015-40_700px_LT.jpg');\">\n                    <p class=\"kollage-puffar__puff__content__ikon\"><\/p>\n                    <div class=\"display-flex\">\n                        <p class=\"kollage-puffar__puff__content__rubrik color-white\">\n                            Stuor Muorkke                        <\/p>\n                        <p class=\"kollage-puffar__puff__content__pil ml-auto\"><i class=\"far fa-arrow-right\"><\/i><\/p>\n                    <\/div>\n                <\/div>\n                            <\/a>\n                    <\/div>\n    <\/section>\n\n    <section id=\"kollage-section \">\n    <p class=\"small-heading\">Naturreservat<\/p>\n            <div id=\"kollage-block_60cb4ab50426f\" class=\"kollage-puffar  kollage\">\n                        <a class=\"no-link kollage-puffar__puff normal\" href=\"https:\/\/laponia.nu\/varldsarvet\/nationalparker-och-naturreservat\/sjavnja\/\">\n                <div class=\"kollage-puffar__puff__content\" style=\"background-image: url('');\">\n                    <p class=\"kollage-puffar__puff__content__ikon\"><\/p>\n                    <div class=\"display-flex\">\n                        <p class=\"kollage-puffar__puff__content__rubrik color-white\">\n                            Sj\u00e1vnja                        <\/p>\n                        <p class=\"kollage-puffar__puff__content__pil ml-auto\"><i class=\"far fa-arrow-right\"><\/i><\/p>\n                    <\/div>\n                <\/div>\n                            <\/a>\n                        <a class=\"no-link kollage-puffar__puff normal\" href=\"https:\/\/laponia.nu\/?page_id=78\">\n                <div class=\"kollage-puffar__puff__content\" style=\"background-image: url('https:\/\/laponia.nu\/wp-content\/uploads\/2022\/06\/gasskastubba_apr2014-47-scaled.jpg');\">\n                    <p class=\"kollage-puffar__puff__content__ikon\"><\/p>\n                    <div class=\"display-flex\">\n                        <p class=\"kollage-puffar__puff__content__rubrik color-white\">\n                            Stubb\u00e1                        <\/p>\n                        <p class=\"kollage-puffar__puff__content__pil ml-auto\"><i class=\"far fa-arrow-right\"><\/i><\/p>\n                    <\/div>\n                <\/div>\n                            <\/a>\n                    <\/div>\n    <\/section>\n\n\n<p>.<\/p>\n\n\n<section class=\"faq faq\" id=\"faq-block_60e44271ff520\">\n        <div class=\"accordions\">\n            <div class=\"accordion\">\n            <button class=\"accordion__object\">Oattjov gus bednagav adnet Laponian?<\/button>\n            <div class=\"panel\">\n                <p>Suoddjimp\u00e1rkajn oadtju bednagijn mannat jus tjadnasin la, \u00e5d\u00e5jakm\u00e1no vuostasj biejves vuoratjism\u00e1no 30 b\u00e4jvv\u00e1j. G\u00e5n\u00e5gisb\u00e1lgg\u00e1v ja R\u00e1ll\u00e1rb\u00e1lgg\u00e1v Muddusin oadtju aj bednagijn v\u00e1dtset. Sj\u00e1vnja luonndoreserv\u00e1htan oadtju bednagav adnet valla agev tjadnasin viertti. Stubb\u00e1j, Sulid\u00e4lbm\u00e1j, R\u00e1hpa\u00e4no suorgudahkaj ja Tjuoldavuobm\u00e1j gullu \u00e1lmmukriekt\u00e1.<span class=\"Apple-converted-space\">\u00a0<\/span><\/p>\n            <\/div>\n        <\/div> \n            <div class=\"accordion\">\n            <button class=\"accordion__object\">Oattjov gus h\u00e1ledit dr\u00f6narav Laponian?<\/button>\n            <div class=\"panel\">\n                <div class=\"page\" title=\"Page 2\">\n<div class=\"layoutArea\">\n<div class=\"column\">\n<p lang=\"smj-SE\"><span style=\"color: #222222;\"><span style=\"font-family: Open Sans, sans-serif;\"><span style=\"font-size: small;\">Jus Lenastivra ij la d\u00e5hkkidam de ij oadtju h\u00e1ledit vuollela 2000 juolge ednama badjel B\u00e1djel\u00e1nnda, Sarek ja Stuor Muorkke suoddjimp\u00e1rkan.<\/span><\/span><\/span><\/p>\n<\/div>\n<\/div>\n<\/div>\n            <\/div>\n        <\/div> \n            <div class=\"accordion\">\n            <button class=\"accordion__object\">Oattjov gus d\u00e5llit juohkka sajen? <\/button>\n            <div class=\"panel\">\n                <p>Dav oadtju d\u00e5llit \u00e5lles Laponian. D\u00e5l\u00e5v dahka \u00e5vsijs m\u00e1 li ednama nanna. Valla dav ij oadtju d\u00e5llit viesso muoraj, rissij ja ij ge biesev muorajs v\u00e1lldet.  <\/p>\n            <\/div>\n        <\/div> \n            <div class=\"accordion\">\n            <button class=\"accordion__object\">G\u00e5nn\u00e5 gavnav divna njuolgadus\u00e1 ja biejadus\u00e1 m\u00e1 guosski v\u00e4r\u00e1lt\u00e1rbev Laponiav?<\/button>\n            <div class=\"panel\">\n                <p lang=\"smj-SE\"><span style=\"color: #222222;\"><span style=\"font-family: Open Sans, sans-serif;\"><span style=\"font-size: small;\">Divna njuolgadus\u00e1 ja biejadus\u00e1.<\/span><\/span><\/span><\/p>\n<p><a href=\"https:\/\/laponia.nu\/wp-content\/uploads\/2014\/08\/Foreskrifter-nationalparker-Laponia_nfs-2013-10.pdf\">h\u00e4r<\/a><\/p>\n            <\/div>\n        <\/div> \n        <\/div>\n    <\/section><\/div>\n\n\n\n<div class=\"wp-block-column is-layout-flow wp-block-column-is-layout-flow\" style=\"flex-basis:33.33%\"><section id=\"hitta-snabbt-section\">\n    <div id=\"informationspuff-block_60d0b2a0fdfe5\" class=\"hitta-snabbt-puffar is-link1-puff informationspuff\">\n                <div class=\"no-link hitta-snabbt-puffar__puff informationspuff\" style=\"box-shadow: 0px -10px 0px #223152; background-color: #EAF0FF\">\n                        <div class='informationspuff__content'>\n                                    <div class=\"content-full\">\n                        <p>Dal (1 sjnjilltjam\u00e1nno 2022) galggi divna r\u00e5ve Saregin g\u00e1vnnut. <\/p>\n                    <\/div>\n                \n                                            <\/div>\n        <\/div>\n    <\/div>\n<\/section>\n\n<style>\n    \/* G\u00f6r s\u00e5 att b\u00e5de <a> taggen, samt den puff som \u00e4r en <div> har korrekt f\u00e4rg f\u00f6r l\u00e4nktext *\/\n    #informationspuff-block_60d0b2a0fdfe5.is-link-puff {\n        color: #223152;\n    }\n\n    #informationspuff-block_60d0b2a0fdfe5.is-link-puff p {\n        color: black;\n    }\n<\/style>\n\n    <section id=\"kollage-section \">\n    <p class=\"small-heading\"><\/p>\n            <div id=\"kollage-block_612cb9473fcb9\" class=\"kollage-puffar kollage-puff-is-full-width kollage\">\n                        <a class=\"no-link kollage-puffar__puff normal\" href=\"https:\/\/laponia.nu\/besoksundersokning\/\">\n                <div class=\"kollage-puffar__puff__content\" style=\"background-image: url('https:\/\/laponia.nu\/wp-content\/uploads\/2014\/09\/vandring_turist_1180px_450px_Laponiatjuottjudus.jpg');\">\n                    <p class=\"kollage-puffar__puff__content__ikon\"><\/p>\n                    <div class=\"display-flex\">\n                        <p class=\"kollage-puffar__puff__content__rubrik color-white\">\n                            Guossidamguoradus                        <\/p>\n                        <p class=\"kollage-puffar__puff__content__pil ml-auto\"><i class=\"far fa-arrow-right\"><\/i><\/p>\n                    <\/div>\n                <\/div>\n                            <\/a>\n                    <\/div>\n    <\/section>\n\n<section id=\"hitta-snabbt-section\">\n    <div id=\"informationspuff-block_60c0e6f44b603\" class=\"hitta-snabbt-puffar is-link1-puff informationspuff\">\n                <div class=\"no-link hitta-snabbt-puffar__puff informationspuff\" style=\"box-shadow: 0px -10px 0px black; background-color: #f4f4f4\">\n                        <div class='informationspuff__content'>\n                                    <div class=\"content-full\">\n                        <h2 lang=\"smj-SE\"><span style=\"color: #222222;\"><span style=\"font-family: Open Sans, sans-serif;\"><span style=\"font-size: small;\">Ietj\u00e1 suoddjimvuoge<\/span><\/span><\/span><\/h2>\n<h4 lang=\"smj-SE\"><span style=\"color: #222222;\"><span style=\"font-family: Open Sans, sans-serif;\"><span style=\"font-size: small;\">Natura 2000<\/span><\/span><\/span><\/h4>\n<p lang=\"smj-SE\"><span style=\"color: #222222;\"><span style=\"font-family: Open Sans, sans-serif;\"><span style=\"font-size: small;\">Laponian li d\u00e1 ienemus ednama suoddjidum Natura 2000 tjad\u00e1. Natura 2000 la v\u00e4rmm\u00e1dahka EU:a ienemus suoddjidum luonndoednamijt. Juohkka b\u00e1jkke la ietj\u00e1s bisodimpl\u00e1na mij vuoset g\u00e5k ednamijt \u00e1vkki ja suoddji. Luonndog\u00e1httimd\u00e5jmadahka aktijda bargov Natura 2000. Lenastivran la \u00e5vd\u00e5sv\u00e1sst\u00e1dus sujttit, suoddjit ja tjuottjodit dajt ednamijt. <\/span><\/span><\/span><\/p>\n<h4 lang=\"smj-SE\"><span style=\"color: #222222;\"><span style=\"font-family: Open Sans, sans-serif;\"><span style=\"font-size: small;\">Ramsarb\u00e1jke<\/span><\/span><\/span><\/h4>\n<p lang=\"smj-SE\"><span style=\"color: #222222;\"><span style=\"font-family: Open Sans, sans-serif;\"><span style=\"font-size: small;\">Sj\u00e1vnja ja L\u00e1jt\u00e1vrenj\u00e1lmudahka li tsuojgudum degu \u00e1rvulasj luvvab\u00e1jke m\u00e1 galggi suoddjit Ramsarkonvensj\u00e5vn\u00e5jn. Dat la rijkajgasskasasj konvensj\u00e5vnn\u00e5 mij suoddji luvvab\u00e1jkijt. Dat vuoset ahte b\u00e1jke ekologalasj vuojnnu ij oattjo nievreduvvat. <\/span><\/span><\/span><\/p>\n                    <\/div>\n                \n                                            <\/div>\n        <\/div>\n    <\/div>\n<\/section>\n\n<style>\n    \/* G\u00f6r s\u00e5 att b\u00e5de <a> taggen, samt den puff som \u00e4r en <div> har korrekt f\u00e4rg f\u00f6r l\u00e4nktext *\/\n    #informationspuff-block_60c0e6f44b603.is-link-puff {\n        color: black;\n    }\n\n    #informationspuff-block_60c0e6f44b603.is-link-puff p {\n        color: black;\n    }\n<\/style><\/div>\n<\/div>\n\n<p><\/p>\n","protected":false},"excerpt":{"rendered":"<p>D\u00e1b\u00e1lamos vuohke Svierigin suoddjit mij\u00e1 ednamijt la \u00e1sadit luonndoreserv\u00e1htajt. Nannusamos suodje la dahkat ednamijt suoddjimp\u00e1rkan. Niellje Svieriga 30 suoddjimp\u00e1rka li Laponian. Da li Sarek, Badjel\u00e1nnda,&#8230;<\/p>\n","protected":false},"author":1,"featured_media":0,"parent":0,"menu_order":0,"comment_status":"open","ping_status":"open","template":"undersida-sidebar.php","meta":{"_acf_changed":false,"om_disable_all_campaigns":false,"_monsterinsights_skip_tracking":false,"_monsterinsights_sitenote_active":false,"_monsterinsights_sitenote_note":"","_monsterinsights_sitenote_category":0,"footnotes":""},"class_list":["post-57079","page","type-page","status-publish","hentry"],"acf":[],"_links":{"self":[{"href":"https:\/\/laponia.nu\/ls\/wp-json\/wp\/v2\/pages\/57079","targetHints":{"allow":["GET"]}}],"collection":[{"href":"https:\/\/laponia.nu\/ls\/wp-json\/wp\/v2\/pages"}],"about":[{"href":"https:\/\/laponia.nu\/ls\/wp-json\/wp\/v2\/types\/page"}],"author":[{"embeddable":true,"href":"https:\/\/laponia.nu\/ls\/wp-json\/wp\/v2\/users\/1"}],"replies":[{"embeddable":true,"href":"https:\/\/laponia.nu\/ls\/wp-json\/wp\/v2\/comments?post=57079"}],"version-history":[{"count":7,"href":"https:\/\/laponia.nu\/ls\/wp-json\/wp\/v2\/pages\/57079\/revisions"}],"predecessor-version":[{"id":57192,"href":"https:\/\/laponia.nu\/ls\/wp-json\/wp\/v2\/pages\/57079\/revisions\/57192"}],"wp:attachment":[{"href":"https:\/\/laponia.nu\/ls\/wp-json\/wp\/v2\/media?parent=57079"}],"curies":[{"name":"wp","href":"https:\/\/api.w.org\/{rel}","templated":true}]}}