{"id":57088,"date":"2022-07-04T14:38:23","date_gmt":"2022-07-04T12:38:23","guid":{"rendered":"https:\/\/laponia.nu\/suoddjimparka-ja-luonndoreservahta\/sarek\/"},"modified":"2022-07-05T21:40:51","modified_gmt":"2022-07-05T19:40:51","slug":"sarek","status":"publish","type":"page","link":"https:\/\/laponia.nu\/ls\/suoddjimparka-ja-luonndoreservahta\/sarek\/","title":{"rendered":"Sarek"},"content":{"rendered":"\n<h2 class=\"wp-block-heading\">Alla v\u00e1re ja v\u00e1kke<\/h2>\n\n<div class=\"wp-block-columns are-vertically-aligned-top is-layout-flex wp-container-core-columns-is-layout-9d6595d7 wp-block-columns-is-layout-flex\">\n<div class=\"wp-block-column is-vertically-aligned-top is-layout-flow wp-block-column-is-layout-flow\" style=\"flex-basis:50%\">\n<p>Saregin la oabmevuome, soahkevuobme v\u00e1kkijs, nj\u00e1lmudag\u00e1, jalgga v\u00e1re, alla v\u00e1re ja goasstejie\u014ba, tj\u00e5hk\u00e5 badjelasj 2000-mehtera. \u00c4no ja j\u00e5g\u00e5 g\u00e5lggi v\u00e1kkij tjad\u00e1, jieg\u014ba\u00e1jgge la ednamijt rievdadam.<\/p>\n\n\n\n<p>Vakke li dievva giedjegijs, \u00e1tj\u00e1r\u00e1se, boallor\u00e1se ja fj\u00e4lltorta. Boahttsu ja sarvva soabttsu buoragit daj ednamij. Badjelin li g\u00e1jse g\u00e5nn\u00e5 noarssa, buolmoga ja gieruna sjl\u00e4ssjki. <\/p>\n\n\n\n<p>B\u00e1lgg\u00e1 v\u00e1kkijs la g\u00e5 boahttsu li danna moadda tjuohtejagijt guohtum. <\/p>\n\n\n\n<p>Danna li s\u00e1me viessom moadda tjuohtejage. \u00c5rrudaga, gejnudaga, njoalodimednama, guohtomednama ja g\u00e1rde la dahkam Saregin \u00e1jnas b\u00e1jkke boatsoj\u00e4l\u00e1dussaj. D\u00e5lusj \u00e1jgij b\u00e1tsidis li \u00e5llo- degu bivddor\u00e5kke, goahtesaje ja \u00e1rransaje.  <\/p>\n\n\n\n<p>Sarek sjattaj oasse Laponia v\u00e4r\u00e1lt\u00e1rbb\u00e1j 1996 g\u00e5 tjuottjeldahtij. <\/p>\n\n\n<section class=\"faq faq\" id=\"faq-block_60cb6ad8f36eb\">\n        <div class=\"accordions\">\n            <div class=\"accordion\">\n            <button class=\"accordion__object\">Oattjov gus bednagav adnet Laponian?<\/button>\n            <div class=\"panel\">\n                <p>Suoddjimp\u00e1rkajn d\u00e5ssju oadtju bednagijn mannat jus tjadnasin la, \u00e5d\u00e5jakm\u00e1no vuostasj biejves vuoratjism\u00e1no 30 b\u00e4jvv\u00e1j. G\u00e5n\u00e5gisb\u00e1lgg\u00e1v ja R\u00e1ll\u00e1rb\u00e1lgg\u00e1v Muddusin oadtju aj bednagijn v\u00e1dtset. Sj\u00e1vnja luonndoreserv\u00e1htan oadtju bednagav adnet valla agev tjadnasin viertti. Stubb\u00e1j, Sulid\u00e4lbm\u00e1j, R\u00e1hpa\u00e4no suorgudahkaj ja Tjuoldavuobm\u00e1j gullu \u00e1lmmukriekt\u00e1. B<\/p>\n            <\/div>\n        <\/div> \n            <div class=\"accordion\">\n            <button class=\"accordion__object\">Oattjov gus h\u00e1ledit dr\u00f6narav Saregin? <\/button>\n            <div class=\"panel\">\n                <p lang=\"smj-SE\"><span style=\"color: #222222;\"><span style=\"font-family: Open Sans, sans-serif;\"><span style=\"font-size: small;\">Jus Lenastivra ij la d\u00e5hkkidam de ij oadtju h\u00e1ledit vuollela 2000 juolge ednama badjel B\u00e1djel\u00e1nnda, Sarek ja Stuor Muorkke suoddjimp\u00e1rkan. Ij ge oadtju h\u00e1llanit jali s\u00e4jvvot juojjdajn. <\/span><\/span><\/span><\/p>\n            <\/div>\n        <\/div> \n            <div class=\"accordion\">\n            <button class=\"accordion__object\">Oattjov gus d\u00e5llit \u00e5lles Saregin?<\/button>\n            <div class=\"panel\">\n                <p>Dav oadtju d\u00e5llit \u00e5lles Laponian. D\u00e5l\u00e5v dahka \u00e5vsijs m\u00e1 li ednama nanna. Valla dav ij oadtju d\u00e5llit viesso muoraj, rissij ja ij ge biesev muorajs v\u00e1lldet.  <\/p>\n            <\/div>\n        <\/div> \n            <div class=\"accordion\">\n            <button class=\"accordion__object\">G\u00e5nn\u00e5 gavnav divna njuolgadus\u00e1 ja biejadus\u00e1 m\u00e1 guosski v\u00e4r\u00e1lt\u00e1rbev Laponiav?<\/button>\n            <div class=\"panel\">\n                <p lang=\"smj-SE\"><span style=\"color: #222222;\"><span style=\"font-family: Open Sans, sans-serif;\"><span style=\"font-size: small;\">Divna njuolgadus\u00e1 ja biejadus\u00e1.<\/span><\/span><\/span><\/p>\n<p><a href=\"https:\/\/laponia.nu\/wp-content\/uploads\/2014\/08\/Foreskrifter-nationalparker-Laponia_nfs-2013-10.pdf\">h\u00e4r<\/a><\/p>\n            <\/div>\n        <\/div> \n        <\/div>\n    <\/section><\/div>\n\n\n\n<div class=\"wp-block-column is-layout-flow wp-block-column-is-layout-flow\"><\/div>\n\n\n\n<div class=\"wp-block-column is-layout-flow wp-block-column-is-layout-flow\" style=\"flex-basis:33%\"><section id=\"hitta-snabbt-section\">\n    <div id=\"informationspuff-block_60cb651ef36e5\" class=\"hitta-snabbt-puffar is-link1-puff informationspuff aligncenter\">\n                <div class=\"no-link hitta-snabbt-puffar__puff informationspuff\" style=\"box-shadow: 0px -10px 0px black; background-color: #f4f4f4\">\n                        <div class='informationspuff__content'>\n                                    <div class=\"content-full\">\n                        <h4 lang=\"smj-SE\"><strong>1b sjnjilltjam\u00e1non 2022 li dal r\u00e5ve \u00e5lgus biejadum.<\/strong><\/h4>\n<p lang=\"smj-SE\">Vehi ma\u014bebut g\u00e5 la \u00e5llo muohta \u00e1jmon ja tj\u00e1htje.<\/p>\n                    <\/div>\n                \n                                            <\/div>\n        <\/div>\n    <\/div>\n<\/section>\n\n<style>\n    \/* G\u00f6r s\u00e5 att b\u00e5de <a> taggen, samt den puff som \u00e4r en <div> har korrekt f\u00e4rg f\u00f6r l\u00e4nktext *\/\n    #informationspuff-block_60cb651ef36e5.is-link-puff {\n        color: black;\n    }\n\n    #informationspuff-block_60cb651ef36e5.is-link-puff p {\n        color: black;\n    }\n<\/style>\n\n<section id=\"hitta-snabbt-section\">\n    <div id=\"informationspuff-block_60d19f5f794a9\" class=\"hitta-snabbt-puffar is-link1-puff informationspuff\">\n                <div class=\"no-link hitta-snabbt-puffar__puff informationspuff\" style=\"box-shadow: 0px -10px 0px #465151; background-color: #DCE4D4\">\n                        <div class='informationspuff__content'>\n                                    <div class=\"content-full\">\n                        <p><strong>Stuorrudahka<\/strong>: \u00a01 986 km\u00b2<br \/>\n<strong>Rahpamjahke<\/strong>: 1909<br \/>\n<strong>Lag\u00e1mus b\u00e1jke:<\/strong>\u00a0Huhtt\u00e1n, J\u00e5hk\u00e5m\u00e5hkke ja Jiellev\u00e1rre<br \/>\n<strong>Tjielde:<\/strong> Duorpon, J\u00e5hk\u00e5gaska tjiellde och Sirges<br \/>\n<strong>Lena:<\/strong>\u00a0Norrbotten<\/p>\n                    <\/div>\n                \n                                            <\/div>\n        <\/div>\n    <\/div>\n<\/section>\n\n<style>\n    \/* G\u00f6r s\u00e5 att b\u00e5de <a> taggen, samt den puff som \u00e4r en <div> har korrekt f\u00e4rg f\u00f6r l\u00e4nktext *\/\n    #informationspuff-block_60d19f5f794a9.is-link-puff {\n        color: #465151;\n    }\n\n    #informationspuff-block_60d19f5f794a9.is-link-puff p {\n        color: black;\n    }\n<\/style><\/div>\n<\/div>\n<div style=\"position: relative; width: 100%; height: 0; padding-bottom: 90%;\">\n<div style=\"position: absolute; top: 0; left: 0; width: 100%; height: 100%;\" data-naturkartan-measure-control=\"fullscreen\" data-naturkartan-print-control=\"fullscreen\" data-naturkartan-importance-control=\"false\" data-naturkartan-a11y-control=\"false\" data-naturkartan-scroll-zoom=\"false\" data-naturkartan-preselected-site-id=\"6848\" data-naturkartan-client=\"vanilla\" data-naturkartan-quick-categories=\"false\" data-naturkartan-query=\"site_with_neighbours=6848\" data-naturkartan-strict=\"site\"><\/div>\n<p><script src=\"https:\/\/map-embed.naturkartan.se\/embed.js\" defer=\"\"><\/script><\/p>\n<\/div>\n","protected":false},"excerpt":{"rendered":"<p>Alla v\u00e1re ja v\u00e1kke Saregin la oabmevuome, soahkevuobme v\u00e1kkijs, nj\u00e1lmudag\u00e1, jalgga v\u00e1re, alla v\u00e1re ja goasstejie\u014ba, tj\u00e5hk\u00e5 badjelasj 2000-mehtera. \u00c4no ja j\u00e5g\u00e5 g\u00e5lggi v\u00e1kkij tjad\u00e1,&#8230;<\/p>\n","protected":false},"author":12,"featured_media":0,"parent":57079,"menu_order":9,"comment_status":"closed","ping_status":"closed","template":"undersida-sidebar.php","meta":{"_acf_changed":false,"om_disable_all_campaigns":false,"_monsterinsights_skip_tracking":false,"_monsterinsights_sitenote_active":false,"_monsterinsights_sitenote_note":"","_monsterinsights_sitenote_category":0,"footnotes":""},"class_list":["post-57088","page","type-page","status-publish","hentry"],"acf":[],"_links":{"self":[{"href":"https:\/\/laponia.nu\/ls\/wp-json\/wp\/v2\/pages\/57088","targetHints":{"allow":["GET"]}}],"collection":[{"href":"https:\/\/laponia.nu\/ls\/wp-json\/wp\/v2\/pages"}],"about":[{"href":"https:\/\/laponia.nu\/ls\/wp-json\/wp\/v2\/types\/page"}],"author":[{"embeddable":true,"href":"https:\/\/laponia.nu\/ls\/wp-json\/wp\/v2\/users\/12"}],"replies":[{"embeddable":true,"href":"https:\/\/laponia.nu\/ls\/wp-json\/wp\/v2\/comments?post=57088"}],"version-history":[{"count":7,"href":"https:\/\/laponia.nu\/ls\/wp-json\/wp\/v2\/pages\/57088\/revisions"}],"predecessor-version":[{"id":57168,"href":"https:\/\/laponia.nu\/ls\/wp-json\/wp\/v2\/pages\/57088\/revisions\/57168"}],"up":[{"embeddable":true,"href":"https:\/\/laponia.nu\/ls\/wp-json\/wp\/v2\/pages\/57079"}],"wp:attachment":[{"href":"https:\/\/laponia.nu\/ls\/wp-json\/wp\/v2\/media?parent=57088"}],"curies":[{"name":"wp","href":"https:\/\/api.w.org\/{rel}","templated":true}]}}