{"id":57118,"date":"2022-07-04T20:26:37","date_gmt":"2022-07-04T18:26:37","guid":{"rendered":"https:\/\/laponia.nu\/prassa\/"},"modified":"2022-07-04T20:26:38","modified_gmt":"2022-07-04T18:26:38","slug":"prassa","status":"publish","type":"page","link":"https:\/\/laponia.nu\/ls\/prassa\/","title":{"rendered":"Pr\u00e4ssa"},"content":{"rendered":"\n<h2 class=\"wp-block-heading\">Materi\u00e1lla pr\u00e4ssaj<\/h2>\n\n<div class=\"wp-block-columns is-layout-flex wp-container-core-columns-is-layout-9d6595d7 wp-block-columns-is-layout-flex\">\n<div class=\"wp-block-column is-layout-flow wp-block-column-is-layout-flow\" style=\"flex-basis:66.66%\">\n<p><p lang=\"smj-SE\"><span style=\"color: #222222;\"><span style=\"font-family: Open Sans, sans-serif;\"><span style=\"font-size: small;\">D\u00e5n gut barga degu journalistan vaj mediajn danna gavna mij\u00e1 pr\u00e4ssag\u00e5v\u00e5jt, diedov v\u00e4r\u00e1lt\u00e1rbbe Laponia birra ja oanes tj\u00e1llusa. <\/span><\/span><\/span><\/p><\/p>\n<\/div>\n\n\n\n<div class=\"wp-block-column is-layout-flow wp-block-column-is-layout-flow\" style=\"flex-basis:33.33%\">\n<figure class=\"wp-block-gallery columns-2 is-cropped wp-block-gallery-1 is-layout-flex wp-block-gallery-is-layout-flex\"><ul class=\"blocks-gallery-grid\"><li class=\"blocks-gallery-item\"><figure><a href=\"https:\/\/laponia.nu\/wp-content\/uploads\/2021\/06\/Laponia_moving_press_CJUTSI-700x467.jpg\"><img decoding=\"async\" width=\"700\" height=\"467\" src=\"https:\/\/laponia.nu\/wp-content\/uploads\/2021\/06\/Laponia_moving_press_CJUTSI-700x467.jpg\" alt=\"\" data-id=\"55731\" data-full-url=\"https:\/\/laponia.nu\/wp-content\/uploads\/2021\/06\/Laponia_moving_press_CJUTSI.jpg\" data-link=\"https:\/\/laponia.nu\/hem\/laponia_moving_press_cjutsi-3\/\" class=\"wp-image-55733\" srcset=\"https:\/\/laponia.nu\/wp-content\/uploads\/2021\/06\/Laponia_moving_press_CJUTSI-700x467.jpg 700w, https:\/\/laponia.nu\/wp-content\/uploads\/2021\/06\/Laponia_moving_press_CJUTSI-250x167.jpg 250w, https:\/\/laponia.nu\/wp-content\/uploads\/2021\/06\/Laponia_moving_press_CJUTSI-768x512.jpg 768w, https:\/\/laponia.nu\/wp-content\/uploads\/2021\/06\/Laponia_moving_press_CJUTSI-1536x1024.jpg 1536w, https:\/\/laponia.nu\/wp-content\/uploads\/2021\/06\/Laponia_moving_press_CJUTSI-120x80.jpg 120w, https:\/\/laponia.nu\/wp-content\/uploads\/2021\/06\/Laponia_moving_press_CJUTSI.jpg 2000w\" sizes=\"(max-width: 700px) 100vw, 700px\" \/><\/a><\/figure><\/li><li class=\"blocks-gallery-item\"><figure><a href=\"https:\/\/laponia.nu\/wp-content\/uploads\/2014\/07\/Laponia_press_CJUTSI.jpg\"><img decoding=\"async\" width=\"700\" height=\"467\" src=\"https:\/\/laponia.nu\/wp-content\/uploads\/2014\/07\/Laponia_press_CJUTSI-700x467.jpg\" alt=\"\" data-id=\"38001\" data-full-url=\"https:\/\/laponia.nu\/wp-content\/uploads\/2014\/07\/Laponia_press_CJUTSI.jpg\" data-link=\"https:\/\/laponia.nu\/laponia_press_cjutsi-2\/\" class=\"wp-image-38001\" srcset=\"https:\/\/laponia.nu\/wp-content\/uploads\/2014\/07\/Laponia_press_CJUTSI-700x467.jpg 700w, https:\/\/laponia.nu\/wp-content\/uploads\/2014\/07\/Laponia_press_CJUTSI-250x167.jpg 250w, https:\/\/laponia.nu\/wp-content\/uploads\/2014\/07\/Laponia_press_CJUTSI-768x512.jpg 768w, https:\/\/laponia.nu\/wp-content\/uploads\/2014\/07\/Laponia_press_CJUTSI-1536x1024.jpg 1536w, https:\/\/laponia.nu\/wp-content\/uploads\/2014\/07\/Laponia_press_CJUTSI-120x80.jpg 120w, https:\/\/laponia.nu\/wp-content\/uploads\/2014\/07\/Laponia_press_CJUTSI.jpg 2000w\" sizes=\"(max-width: 700px) 100vw, 700px\" \/><\/a><\/figure><\/li><li class=\"blocks-gallery-item\"><figure><a href=\"https:\/\/laponia.nu\/wp-content\/uploads\/C:\/xampp\/htdocs\/dev\/laponia\/wp-content\/uploads\/2014\/08\/Laponia_young-girl_press_CJUTSI-1536x1024.jpg.webp\"><img decoding=\"async\" src=\"https:\/\/laponia.nu\/wp-content\/uploads\/C:\/xampp\/htdocs\/dev\/laponia\/wp-content\/uploads\/2014\/08\/Laponia_young-girl_press_CJUTSI-1536x1024.jpg.webp\" alt=\"\" data-id=\"42093\" data-link=\"https:\/\/laponia.nu\/laponia_young-girl_press_cjutsi-1536x1024-jpg-2\/\" class=\"wp-image-42093\"\/><\/a><\/figure><\/li><li class=\"blocks-gallery-item\"><figure><a href=\"https:\/\/laponia.nu\/wp-content\/uploads\/2014\/08\/PressbildLaponia_LoRes_CJUTSI.jpg\"><img decoding=\"async\" width=\"700\" height=\"467\" src=\"https:\/\/laponia.nu\/wp-content\/uploads\/2014\/08\/PressbildLaponia_LoRes_CJUTSI-700x467.jpg\" alt=\"\" data-id=\"42849\" data-full-url=\"https:\/\/laponia.nu\/wp-content\/uploads\/2014\/08\/PressbildLaponia_LoRes_CJUTSI.jpg\" data-link=\"https:\/\/laponia.nu\/pressbildlaponia_lores_cjutsi-2\/\" class=\"wp-image-42849\" srcset=\"https:\/\/laponia.nu\/wp-content\/uploads\/2014\/08\/PressbildLaponia_LoRes_CJUTSI-700x467.jpg 700w, https:\/\/laponia.nu\/wp-content\/uploads\/2014\/08\/PressbildLaponia_LoRes_CJUTSI-250x167.jpg 250w, https:\/\/laponia.nu\/wp-content\/uploads\/2014\/08\/PressbildLaponia_LoRes_CJUTSI-768x512.jpg 768w, https:\/\/laponia.nu\/wp-content\/uploads\/2014\/08\/PressbildLaponia_LoRes_CJUTSI-120x80.jpg 120w, https:\/\/laponia.nu\/wp-content\/uploads\/2014\/08\/PressbildLaponia_LoRes_CJUTSI.jpg 1200w\" sizes=\"(max-width: 700px) 100vw, 700px\" \/><\/a><\/figure><\/li><li class=\"blocks-gallery-item\"><figure><a href=\"https:\/\/laponia.nu\/wp-content\/uploads\/C:\/xampp\/htdocs\/dev\/laponia\/wp-content\/uploads\/2014\/07\/Laponia_camp_press_CJUTSI-1536x1024.jpg.webp\"><img decoding=\"async\" src=\"https:\/\/laponia.nu\/wp-content\/uploads\/C:\/xampp\/htdocs\/dev\/laponia\/wp-content\/uploads\/2014\/07\/Laponia_camp_press_CJUTSI-1536x1024.jpg.webp\" alt=\"\" data-id=\"37921\" data-link=\"https:\/\/laponia.nu\/laponia_camp_press_cjutsi-1536x1024-jpg-2\/\" class=\"wp-image-37921\"\/><\/a><\/figure><\/li><\/ul><\/figure>\n<\/div>\n<\/div>\n\n<p><\/p>\n","protected":false},"excerpt":{"rendered":"<p>Materi\u00e1lla pr\u00e4ssaj D\u00e5n gut barga degu journalistan vaj mediajn danna gavna mij\u00e1 pr\u00e4ssag\u00e5v\u00e5jt, diedov v\u00e4r\u00e1lt\u00e1rbbe Laponia birra ja oanes tj\u00e1llusa.<\/p>\n","protected":false},"author":12,"featured_media":0,"parent":0,"menu_order":0,"comment_status":"closed","ping_status":"closed","template":"undersida-sidebar.php","meta":{"_acf_changed":false,"om_disable_all_campaigns":false,"_monsterinsights_skip_tracking":false,"_monsterinsights_sitenote_active":false,"_monsterinsights_sitenote_note":"","_monsterinsights_sitenote_category":0,"footnotes":""},"class_list":["post-57118","page","type-page","status-publish","hentry"],"acf":[],"_links":{"self":[{"href":"https:\/\/laponia.nu\/ls\/wp-json\/wp\/v2\/pages\/57118","targetHints":{"allow":["GET"]}}],"collection":[{"href":"https:\/\/laponia.nu\/ls\/wp-json\/wp\/v2\/pages"}],"about":[{"href":"https:\/\/laponia.nu\/ls\/wp-json\/wp\/v2\/types\/page"}],"author":[{"embeddable":true,"href":"https:\/\/laponia.nu\/ls\/wp-json\/wp\/v2\/users\/12"}],"replies":[{"embeddable":true,"href":"https:\/\/laponia.nu\/ls\/wp-json\/wp\/v2\/comments?post=57118"}],"version-history":[{"count":1,"href":"https:\/\/laponia.nu\/ls\/wp-json\/wp\/v2\/pages\/57118\/revisions"}],"predecessor-version":[{"id":57127,"href":"https:\/\/laponia.nu\/ls\/wp-json\/wp\/v2\/pages\/57118\/revisions\/57127"}],"wp:attachment":[{"href":"https:\/\/laponia.nu\/ls\/wp-json\/wp\/v2\/media?parent=57118"}],"curies":[{"name":"wp","href":"https:\/\/api.w.org\/{rel}","templated":true}]}}