{"id":57193,"date":"2022-07-05T22:29:58","date_gmt":"2022-07-05T20:29:58","guid":{"rendered":"https:\/\/laponia.nu\/suoddjimparka-ja-luonndoreservahta\/stubba\/"},"modified":"2022-07-05T22:29:58","modified_gmt":"2022-07-05T20:29:58","slug":"stubba","status":"publish","type":"page","link":"https:\/\/laponia.nu\/ls\/suoddjimparka-ja-luonndoreservahta\/stubba\/","title":{"rendered":"Stubb\u00e1"},"content":{"rendered":"\n<div class=\"wp-block-columns is-layout-flex wp-container-core-columns-is-layout-9d6595d7 wp-block-columns-is-layout-flex\">\n<div class=\"wp-block-column is-layout-flow wp-block-column-is-layout-flow\" style=\"flex-basis:66.66%\">\n<h1 class=\"wp-block-heading\">Duoddara<\/h1>\n\n\n\n<p class=\"p1\">Stubb\u00e1 l degu r\u00e5vve vijdes Sj\u00e1vnja luonndoreserv\u00e1hta ja Muddusa suoddjimp\u00e1rka gaskan. Danna li vuobmesuollu, d\u00e5lusj vuome, tj\u00e4rrov\u00e1re ja giellasa h\u00e1jedum vijdes \u00e1hpeednamijda.<\/p>\n\n\n\n<p class=\"p1\">Stubb\u00e1 la guovsaga, tjuktje ja idjal\u00e5tte h\u00e4jmma. Jagev birra d\u00e1 danna \u00e5rru, gid\u00e1j de j\u00e5httel\u00e5tte aj b\u00e5hti. L\u00e5tte d\u00e1j \u00e1bij nanna soabtsotji. D\u00e1lvv\u00e1j \u00e1be li gejnudaga juhtusijda ja ulmutjijda. Vuoras vuobme Stupp\u00e1n la buorre guododimsadje Unna tjerutja \u00e4lojda. Boahttsu sl\u00e1hpojt b\u00e5rri g\u00e5 il\u00e1 v\u00e1jvve l vistev goajvvot.<\/p>\n\n\n\n<p class=\"p1\">Rahte E45, B\u00e5rjj\u00e5sa ja Jiellev\u00e1re\/V\u00e1htjera gaskan, boarkki Stupp\u00e1v ja danen b\u00e1jkke h\u00e4hp\u00e1 oanep biejvvemanojda. Man\u00e1 tjuojgatjit jali \u00e1rra ideda man\u00e1 l\u00e5ttijt gehtjadittjat. \u00c4lla moadda b\u00e1jke Laponia v\u00e4r\u00e1lt\u00e1rben ma li n\u00e5v g\u00e1vnadahtte degu jur Stubb\u00e1.<\/p>\n\n\n\n<p class=\"p1\">Ts\u00e5kk\u00e5 stiebilijt vaj sabegijt ja ale tjijkk\u00e1rav vaj\u00e1lduhte.<\/p>\n<\/div>\n\n\n\n<div class=\"wp-block-column is-layout-flow wp-block-column-is-layout-flow\" style=\"flex-basis:33.33%\"><\/div>\n<\/div>\n<div style=\"position: relative; width: 100%; height: 0; padding-bottom: 90%;\">\n<div style=\"position: absolute; top: 0; left: 0; width: 100%; height: 100%;\" data-naturkartan-measure-control=\"fullscreen\" data-naturkartan-print-control=\"fullscreen\" data-naturkartan-importance-control=\"false\" data-naturkartan-a11y-control=\"false\" data-naturkartan-scroll-zoom=\"false\" data-naturkartan-preselected-site-id=\"15369\" data-naturkartan-client=\"vanilla\" data-naturkartan-quick-categories=\"false\" data-naturkartan-query=\"site_with_neighbours=15369\" data-naturkartan-strict=\"site\"><\/div>\n<p><script src=\"https:\/\/map-embed.naturkartan.se\/embed.js\" defer=\"\"><\/script><\/p>\n<\/div>\n","protected":false},"excerpt":{"rendered":"<p>Duoddara Stubb\u00e1 l degu r\u00e5vve vijdes Sj\u00e1vnja luonndoreserv\u00e1hta ja Muddusa suoddjimp\u00e1rka gaskan. Danna li vuobmesuollu, d\u00e5lusj vuome, tj\u00e4rrov\u00e1re ja giellasa h\u00e1jedum vijdes \u00e1hpeednamijda. Stubb\u00e1 la&#8230;<\/p>\n","protected":false},"author":1,"featured_media":56857,"parent":57079,"menu_order":4,"comment_status":"open","ping_status":"open","template":"undersida-sidebar.php","meta":{"_acf_changed":false,"om_disable_all_campaigns":false,"_monsterinsights_skip_tracking":false,"_monsterinsights_sitenote_active":false,"_monsterinsights_sitenote_note":"","_monsterinsights_sitenote_category":0,"footnotes":""},"class_list":["post-57193","page","type-page","status-publish","has-post-thumbnail","hentry"],"acf":[],"_links":{"self":[{"href":"https:\/\/laponia.nu\/ls\/wp-json\/wp\/v2\/pages\/57193","targetHints":{"allow":["GET"]}}],"collection":[{"href":"https:\/\/laponia.nu\/ls\/wp-json\/wp\/v2\/pages"}],"about":[{"href":"https:\/\/laponia.nu\/ls\/wp-json\/wp\/v2\/types\/page"}],"author":[{"embeddable":true,"href":"https:\/\/laponia.nu\/ls\/wp-json\/wp\/v2\/users\/1"}],"replies":[{"embeddable":true,"href":"https:\/\/laponia.nu\/ls\/wp-json\/wp\/v2\/comments?post=57193"}],"version-history":[{"count":1,"href":"https:\/\/laponia.nu\/ls\/wp-json\/wp\/v2\/pages\/57193\/revisions"}],"predecessor-version":[{"id":57194,"href":"https:\/\/laponia.nu\/ls\/wp-json\/wp\/v2\/pages\/57193\/revisions\/57194"}],"up":[{"embeddable":true,"href":"https:\/\/laponia.nu\/ls\/wp-json\/wp\/v2\/pages\/57079"}],"wp:featuredmedia":[{"embeddable":true,"href":"https:\/\/laponia.nu\/ls\/wp-json\/wp\/v2\/media\/56857"}],"wp:attachment":[{"href":"https:\/\/laponia.nu\/ls\/wp-json\/wp\/v2\/media?parent=57193"}],"curies":[{"name":"wp","href":"https:\/\/api.w.org\/{rel}","templated":true}]}}